{"id":14769,"date":"2019-08-08T07:21:13","date_gmt":"2019-08-08T07:21:13","guid":{"rendered":"https:\/\/www.krimcode.com\/uber-krimcode\/"},"modified":"2020-10-05T03:01:37","modified_gmt":"2020-10-05T03:01:37","slug":"uber-krimcode","status":"publish","type":"page","link":"https:\/\/www.krimcode.com\/de\/uber-krimcode\/","title":{"rendered":"\u00dcber Krimcode"},"content":{"rendered":"[vc_row row_type=&#8221;parallax&#8221; background_img_id=&#8221;12962&#8243; row_padding_top=&#8221;220&#8243; row_padding_bottom=&#8221;220&#8243;][vc_column width=&#8221;1\/6&#8243;][\/vc_column][vc_column width=&#8221;2\/3&#8243; vertical_position=&#8221;middle&#8221;][vc_column_text css=&#8221;.vc_custom_1547290303406{background-position: center !important;background-repeat: no-repeat !important;background-size: contain !important;}&#8221;]\n<h3 style=\"text-align: center\"><span style=\"color: #ffffff\"><br \/>\n&#8220;Wir produzieren zeitgen\u00f6ssische Taschen,<br \/>\nangepasst an traditionelle Kleiderordnungen<br \/>\nsowie neuen Trends, die begeistern. \u201c <\/span><\/h3>\n<h3 style=\"text-align: right\"><span style=\"color: #ffffff\">Krimcode<\/span><\/h3>\n[\/vc_column_text][\/vc_column][vc_column width=&#8221;1\/6&#8243;][\/vc_column][\/vc_row][vc_row type=&#8221;full_width&#8221; row_padding_top=&#8221;70&#8243; row_padding_bottom=&#8221;70&#8243;][vc_column width=&#8221;1\/6&#8243;][iconbox_top_noborder title=&#8221;Style&#8221; icon=&#8221;tie&#8221; alignment=&#8221;center_alignment&#8221;][\/vc_column][vc_column width=&#8221;1\/6&#8243;][iconbox_top_noborder title=&#8221;Security&#8221; icon=&#8221;shield-check&#8221; alignment=&#8221;center_alignment&#8221;][\/vc_column][vc_column width=&#8221;1\/6&#8243;][iconbox_top_noborder title=&#8221;Strength&#8221; icon=&#8221;diamond2&#8243; alignment=&#8221;center_alignment&#8221;][\/vc_column][vc_column width=&#8221;1\/6&#8243;][iconbox_top_noborder title=&#8221;Loyality&#8221; icon=&#8221;dagger&#8221; alignment=&#8221;center_alignment&#8221;][\/vc_column][vc_column width=&#8221;1\/6&#8243;][iconbox_top_noborder title=&#8221;Functionality&#8221; icon=&#8221;cog&#8221; alignment=&#8221;center_alignment&#8221;][\/vc_column][vc_column width=&#8221;1\/6&#8243;][iconbox_top_noborder title=&#8221;Quality&#8221; icon=&#8221;medal-empty&#8221; alignment=&#8221;center_alignment&#8221;][\/vc_column][\/vc_row][vc_row gap=&#8221;zero&#8221; full_height=&#8221;true&#8221; type=&#8221;full_width&#8221;][vc_column width=&#8221;1\/2&#8243; vertical_position=&#8221;middle&#8221; css=&#8221;.vc_custom_1545989345525{padding-right: 25% !important;padding-left: 25% !important;}&#8221;][vc_wp_text]\n<h2 style=\"text-align: justify\">Die Idee<\/h2>\n<p style=\"text-align: justify\"><span style=\"font-size: 20px\">Krimcode begann mit der Idee, einen Rucksack mit einem einzigartigen Stil zu kreieren, der die formellen Kleidungsvorschriften erg\u00e4nzt und einen Trend f\u00fcr Ihr Business setzt. Auf der anderen Seite sind die f\u00fcr die Freizeit kreierten Casual-Linien ein starkes Statement f\u00fcr Stil, Energie und Individualit\u00e4t.<\/span><\/p>\n[\/vc_wp_text][\/vc_column][vc_column width=&#8221;1\/2&#8243; css=&#8221;.vc_custom_1548926088581{padding-top: 200px !important;padding-bottom: 200px !important;background-image: url(https:\/\/www.krimcode.com\/wp-content\/uploads\/2019\/01\/business-attires-style-1.jpg?id=13544) !important;}&#8221;][\/vc_column][\/vc_row][vc_row gap=&#8221;zero&#8221; full_height=&#8221;true&#8221; type=&#8221;full_width&#8221;][vc_column width=&#8221;1\/2&#8243; css=&#8221;.vc_custom_1547290463582{padding-top: 200px !important;padding-bottom: 200px !important;background-image: url(https:\/\/www.krimcode.com\/wp-content\/uploads\/2019\/images\/About_youshang.jpg?id=13107) !important;}&#8221;][\/vc_column][vc_column width=&#8221;1\/2&#8243; vertical_position=&#8221;middle&#8221; css=&#8221;.vc_custom_1545989373792{padding-right: 25% !important;padding-left: 25% !important;}&#8221;][vc_wp_text]\n<h2 style=\"text-align: justify\">Lebensstil<\/h2>\n<p style=\"text-align: justify\"><span style=\"font-size: 20px\">Wir leben in einem sich schnell entwickelnden Umfeld. Dabei dr\u00fccken wir uns durch unseren pers\u00f6nlichen Stil aus. Krimcode ist das modische Accessoire f\u00fcr Menschen, die etwas bewirken wollen.<\/span><\/p>\n[\/vc_wp_text][\/vc_column][\/vc_row][vc_row gap=&#8221;zero&#8221; full_height=&#8221;true&#8221; type=&#8221;full_width&#8221;][vc_column width=&#8221;1\/2&#8243; vertical_position=&#8221;middle&#8221; css=&#8221;.vc_custom_1545989345525{padding-right: 25% !important;padding-left: 25% !important;}&#8221;][vc_wp_text]\n<h2 style=\"text-align: justify\">Design<\/h2>\n<p style=\"text-align: justify\"><span style=\"font-size: 20px\">Krimcodes zeitgem\u00e4\u00dfes Design zeichnet sich durch klare Linien aus, erg\u00e4nzt durch subtile Details, Materialien und Farben. Sorgf\u00e4ltig gestaltete \u00c4sthetik kombiniert mit Vielseitigkeit machen die Taschen zu einem Statement f\u00fcr Stil und passen perfekt zu der Kleidung Ihrer Wahl. <\/span><\/p>\n[\/vc_wp_text][\/vc_column][vc_column width=&#8221;1\/2&#8243; css=&#8221;.vc_custom_1548925194686{padding-top: 200px !important;padding-bottom: 200px !important;background-image: url(https:\/\/www.krimcode.com\/wp-content\/uploads\/2019\/images\/krimcode-quality190112.jpg?id=13299) !important;}&#8221;][\/vc_column][\/vc_row][vc_row gap=&#8221;zero&#8221; full_height=&#8221;true&#8221; type=&#8221;full_width&#8221;][vc_column width=&#8221;1\/2&#8243; css=&#8221;.vc_custom_1548925185744{padding-top: 200px !important;padding-bottom: 200px !important;background-image: url(https:\/\/www.krimcode.com\/wp-content\/uploads\/2019\/01\/business-attires-quality.jpg?id=13540) !important;}&#8221;][\/vc_column][vc_column width=&#8221;1\/2&#8243; vertical_position=&#8221;middle&#8221; css=&#8221;.vc_custom_1545989373792{padding-right: 25% !important;padding-left: 25% !important;}&#8221;][vc_wp_text]\n<h2>Qualit\u00e4t<\/h2>\n<p><span style=\"font-size: 20px\">Jede Krimcode-Tasche wird aus sorgf\u00e4ltig ausgew\u00e4hlten Materialien hergestellt. Sie zeichnet sich durch hervorragende Verarbeitung und Liebe zum Detail aus. Krimcode garantiert h\u00f6chste Qualit\u00e4t mit einer lebenslangen Garantie f\u00fcr jede Tasche.<\/span>[\/vc_wp_text][\/vc_column][\/vc_row]\n","protected":false},"excerpt":{"rendered":"<p>[vc_row row_type=&#8221;parallax&#8221; background_img_id=&#8221;12962&#8243; row_padding_top=&#8221;220&#8243; row_padding_bottom=&#8221;220&#8243;][vc_column width=&#8221;1\/6&#8243;][\/vc_column][vc_column width=&#8221;2\/3&#8243; vertical_position=&#8221;middle&#8221;][vc_column_text css=&#8221;.vc_custom_1547290303406{background-position: center !important;background-repeat: no-repeat !important;background-size: contain !important;}&#8221;] &#8220;Wir produzieren zeitgen\u00f6ssische Taschen, angepasst an traditionelle Kleiderordnungen sowie neuen Trends, die begeistern. \u201c Krimcode [\/vc_column_text][\/vc_column][vc_column width=&#8221;1\/6&#8243;][\/vc_column][\/vc_row][vc_row type=&#8221;full_width&#8221; row_padding_top=&#8221;70&#8243; row_padding_bottom=&#8221;70&#8243;][vc_column width=&#8221;1\/6&#8243;][iconbox_top_noborder title=&#8221;Style&#8221; icon=&#8221;tie&#8221; alignment=&#8221;center_alignment&#8221;][\/vc_column][vc_column width=&#8221;1\/6&#8243;][iconbox_top_noborder title=&#8221;Security&#8221; icon=&#8221;shield-check&#8221; alignment=&#8221;center_alignment&#8221;][\/vc_column][vc_column width=&#8221;1\/6&#8243;][iconbox_top_noborder title=&#8221;Strength&#8221; icon=&#8221;diamond2&#8243; alignment=&#8221;center_alignment&#8221;][\/vc_column][vc_column width=&#8221;1\/6&#8243;][iconbox_top_noborder title=&#8221;Loyality&#8221; icon=&#8221;dagger&#8221;&hellip;<\/p>\n","protected":false},"author":2,"featured_media":0,"parent":0,"menu_order":0,"comment_status":"closed","ping_status":"closed","template":"","meta":[],"yoast_head":"<!-- This site is optimized with the Yoast SEO plugin v19.13 - https:\/\/yoast.com\/wordpress\/plugins\/seo\/ -->\n<title>\u00dcber Krimcode &mdash; Krimcode<\/title>\n<meta name=\"description\" content=\"Die Lifestyle-Taschenmarke Krimcode wurde erschaffen, um Dress-Codes nahtlos mit einem modernen Stil zu verbinden. Erfahren Sie hier mehr \u00fcber uns und unsere Produkte.\" \/>\n<meta name=\"robots\" content=\"index, follow, max-snippet:-1, max-image-preview:large, max-video-preview:-1\" \/>\n<link rel=\"canonical\" href=\"https:\/\/www.krimcode.com\/de\/uber-krimcode\/\" \/>\n<meta property=\"og:locale\" content=\"de_DE\" \/>\n<meta property=\"og:type\" content=\"article\" \/>\n<meta property=\"og:title\" content=\"\u00dcber Krimcode &mdash; Krimcode\" \/>\n<meta property=\"og:description\" content=\"Die Lifestyle-Taschenmarke Krimcode wurde erschaffen, um Dress-Codes nahtlos mit einem modernen Stil zu verbinden. Erfahren Sie hier mehr \u00fcber uns und unsere Produkte.\" \/>\n<meta property=\"og:url\" content=\"https:\/\/www.krimcode.com\/de\/uber-krimcode\/\" \/>\n<meta property=\"og:site_name\" content=\"Krimcode\" \/>\n<meta property=\"article:modified_time\" content=\"2020-10-05T03:01:37+00:00\" \/>\n<meta name=\"twitter:card\" content=\"summary_large_image\" \/>\n<meta name=\"twitter:label1\" content=\"Gesch\u00e4tzte Lesezeit\" \/>\n\t<meta name=\"twitter:data1\" content=\"3\u00a0Minuten\" \/>\n<script type=\"application\/ld+json\" class=\"yoast-schema-graph\">{\"@context\":\"https:\/\/schema.org\",\"@graph\":[{\"@type\":\"WebPage\",\"@id\":\"https:\/\/www.krimcode.com\/de\/uber-krimcode\/\",\"url\":\"https:\/\/www.krimcode.com\/de\/uber-krimcode\/\",\"name\":\"\u00dcber Krimcode &mdash; Krimcode\",\"isPartOf\":{\"@id\":\"https:\/\/www.krimcode.com\/#website\"},\"datePublished\":\"2019-08-08T07:21:13+00:00\",\"dateModified\":\"2020-10-05T03:01:37+00:00\",\"description\":\"Die Lifestyle-Taschenmarke Krimcode wurde erschaffen, um Dress-Codes nahtlos mit einem modernen Stil zu verbinden. Erfahren Sie hier mehr \u00fcber uns und unsere Produkte.\",\"breadcrumb\":{\"@id\":\"https:\/\/www.krimcode.com\/de\/uber-krimcode\/#breadcrumb\"},\"inLanguage\":\"de\",\"potentialAction\":[{\"@type\":\"ReadAction\",\"target\":[\"https:\/\/www.krimcode.com\/de\/uber-krimcode\/\"]}]},{\"@type\":\"BreadcrumbList\",\"@id\":\"https:\/\/www.krimcode.com\/de\/uber-krimcode\/#breadcrumb\",\"itemListElement\":[{\"@type\":\"ListItem\",\"position\":1,\"name\":\"Home\",\"item\":\"https:\/\/www.krimcode.com\/de\/\"},{\"@type\":\"ListItem\",\"position\":2,\"name\":\"\u00dcber Krimcode\"}]},{\"@type\":\"WebSite\",\"@id\":\"https:\/\/www.krimcode.com\/#website\",\"url\":\"https:\/\/www.krimcode.com\/\",\"name\":\"Krimcode\",\"description\":\"Lifestyle backpacks and duffel bags\",\"potentialAction\":[{\"@type\":\"SearchAction\",\"target\":{\"@type\":\"EntryPoint\",\"urlTemplate\":\"https:\/\/www.krimcode.com\/?s={search_term_string}\"},\"query-input\":\"required name=search_term_string\"}],\"inLanguage\":\"de\"}]}<\/script>\n<!-- \/ Yoast SEO plugin. -->","yoast_head_json":{"title":"\u00dcber Krimcode &mdash; Krimcode","description":"Die Lifestyle-Taschenmarke Krimcode wurde erschaffen, um Dress-Codes nahtlos mit einem modernen Stil zu verbinden. Erfahren Sie hier mehr \u00fcber uns und unsere Produkte.","robots":{"index":"index","follow":"follow","max-snippet":"max-snippet:-1","max-image-preview":"max-image-preview:large","max-video-preview":"max-video-preview:-1"},"canonical":"https:\/\/www.krimcode.com\/de\/uber-krimcode\/","og_locale":"de_DE","og_type":"article","og_title":"\u00dcber Krimcode &mdash; Krimcode","og_description":"Die Lifestyle-Taschenmarke Krimcode wurde erschaffen, um Dress-Codes nahtlos mit einem modernen Stil zu verbinden. Erfahren Sie hier mehr \u00fcber uns und unsere Produkte.","og_url":"https:\/\/www.krimcode.com\/de\/uber-krimcode\/","og_site_name":"Krimcode","article_modified_time":"2020-10-05T03:01:37+00:00","twitter_card":"summary_large_image","twitter_misc":{"Gesch\u00e4tzte Lesezeit":"3\u00a0Minuten"},"schema":{"@context":"https:\/\/schema.org","@graph":[{"@type":"WebPage","@id":"https:\/\/www.krimcode.com\/de\/uber-krimcode\/","url":"https:\/\/www.krimcode.com\/de\/uber-krimcode\/","name":"\u00dcber Krimcode &mdash; Krimcode","isPartOf":{"@id":"https:\/\/www.krimcode.com\/#website"},"datePublished":"2019-08-08T07:21:13+00:00","dateModified":"2020-10-05T03:01:37+00:00","description":"Die Lifestyle-Taschenmarke Krimcode wurde erschaffen, um Dress-Codes nahtlos mit einem modernen Stil zu verbinden. Erfahren Sie hier mehr \u00fcber uns und unsere Produkte.","breadcrumb":{"@id":"https:\/\/www.krimcode.com\/de\/uber-krimcode\/#breadcrumb"},"inLanguage":"de","potentialAction":[{"@type":"ReadAction","target":["https:\/\/www.krimcode.com\/de\/uber-krimcode\/"]}]},{"@type":"BreadcrumbList","@id":"https:\/\/www.krimcode.com\/de\/uber-krimcode\/#breadcrumb","itemListElement":[{"@type":"ListItem","position":1,"name":"Home","item":"https:\/\/www.krimcode.com\/de\/"},{"@type":"ListItem","position":2,"name":"\u00dcber Krimcode"}]},{"@type":"WebSite","@id":"https:\/\/www.krimcode.com\/#website","url":"https:\/\/www.krimcode.com\/","name":"Krimcode","description":"Lifestyle backpacks and duffel bags","potentialAction":[{"@type":"SearchAction","target":{"@type":"EntryPoint","urlTemplate":"https:\/\/www.krimcode.com\/?s={search_term_string}"},"query-input":"required name=search_term_string"}],"inLanguage":"de"}]}},"_links":{"self":[{"href":"https:\/\/www.krimcode.com\/de\/wp-json\/wp\/v2\/pages\/14769"}],"collection":[{"href":"https:\/\/www.krimcode.com\/de\/wp-json\/wp\/v2\/pages"}],"about":[{"href":"https:\/\/www.krimcode.com\/de\/wp-json\/wp\/v2\/types\/page"}],"author":[{"embeddable":true,"href":"https:\/\/www.krimcode.com\/de\/wp-json\/wp\/v2\/users\/2"}],"replies":[{"embeddable":true,"href":"https:\/\/www.krimcode.com\/de\/wp-json\/wp\/v2\/comments?post=14769"}],"version-history":[{"count":4,"href":"https:\/\/www.krimcode.com\/de\/wp-json\/wp\/v2\/pages\/14769\/revisions"}],"predecessor-version":[{"id":15139,"href":"https:\/\/www.krimcode.com\/de\/wp-json\/wp\/v2\/pages\/14769\/revisions\/15139"}],"wp:attachment":[{"href":"https:\/\/www.krimcode.com\/de\/wp-json\/wp\/v2\/media?parent=14769"}],"curies":[{"name":"wp","href":"https:\/\/api.w.org\/{rel}","templated":true}]}}