{"id":14851,"date":"2019-08-08T15:02:30","date_gmt":"2019-08-08T15:02:30","guid":{"rendered":"https:\/\/www.krimcode.com\/krimcode-garantie\/"},"modified":"2020-10-05T02:33:20","modified_gmt":"2020-10-05T02:33:20","slug":"garantie","status":"publish","type":"page","link":"https:\/\/www.krimcode.com\/de\/garantie\/","title":{"rendered":"Krimcode Garantie"},"content":{"rendered":"[vc_row background_color=&#8221;rgba(255,255,255,0.34)&#8221; css=&#8221;.vc_custom_1513583486875{padding-top: 0px !important;padding-right: 35px !important;padding-bottom: 0px !important;padding-left: 35px !important;background-color: #f4f4f4 !important;}&#8221;][vc_column width=&#8221;1\/2&#8243;][vc_column_text]\n<h4 style=\"text-align: justify\">Garantie Engagement<\/h4>\n<p style=\"text-align: justify\"><span style=\"font-size: 16px\">Krimcode engagiert sich, beste Qualit\u00e4t f\u00fcr eine hervorragende Kundenerfahrung zu bieten. Deswegen deckt die Krimcode Garantie Reparaturen aufgrund von mangelhafter Verarbeitung oder Materialfehlern. Sollte das besch\u00e4digte Produkt nicht mehr auf Lager sein, wird Krimcode versuchen, es mit einem vergleichbaren Produkt vom selben Wert zu ersetzen. Die Krimcode Garantie greift nicht bei Spuren gew\u00f6hnlichen Gebrauchs und Verschlei\u00df, unfallbedingten Sch\u00e4den oder unsachgem\u00e4\u00dfem Gebrauch. <\/span><\/p>\n<p style=\"text-align: justify\"><span style=\"font-size: 16px\">Dar\u00fcber hinaus gilt die Krimcode Garantie nicht bei Diebstahl oder Verlust und schliesst Produkte aus, die bei nicht autorisierten H\u00e4ndlern im Einzelhandel und online gekauft wurden. Bitte besuchen Sie den Produktsupport-Bereich, wo Sie eine detaillierte Garantiebeschreibung f\u00fcr die einzelnen Produktlinien finden k\u00f6nnen. Im Falle von Problemen und Garantieinanspruchnahme f\u00fcllen Sie bitte das folgende Formular aus. Wir versuchen Ihr Problem so schnell wie m\u00f6glich zu l\u00f6sen.<\/span><\/p>\n[\/vc_column_text][\/vc_column][vc_column width=&#8221;1\/2&#8243;][vc_column_text css=&#8221;.vc_custom_1565275724595{padding-bottom: 20px !important;}&#8221;]\n<h4>Garantie FAQ<\/h4>\n[\/vc_column_text][vc_toggle title=&#8221;WHATS OUR WARRANTY PROMISE?&#8221; css=&#8221;.vc_custom_1565275027683{padding-top: 10% !important;padding-right: 10% !important;padding-bottom: 10% !important;padding-left: 10% !important;}&#8221;]Krimcode offers a life time warranty on all its products. If you encounter a problem with quality, please let us know.[\/vc_toggle][vc_toggle title=&#8221;DOES MY ITEM QUALIFY FOR A WARRANTY CLAIM?&#8221; css=&#8221;.vc_custom_1548138874201{padding-top: 10% !important;padding-right: 10% !important;padding-bottom: 10% !important;padding-left: 10% !important;}&#8221;]In order to review and process your warranty request, we kindly ask that you fill out the below warranty form.[\/vc_toggle][vc_toggle title=&#8221;HOW LONG DO I NEED TO WAIT BEFORE KNOWING WHETHER OR NOT MY ITEM QUALIFIES FOR A WARRANTY CLAIM?&#8221; css=&#8221;.vc_custom_1548137577225{padding: 10% !important;}&#8221;]Once the warranty form has been submitted online, we will process your case within 3 working days.[\/vc_toggle][vc_toggle title=&#8221;HOW TO GET IN TOUCH WITH KRIMCODE&#8221; css=&#8221;.vc_custom_1565275056611{padding-top: 10% !important;padding-right: 10% !important;padding-bottom: 10% !important;padding-left: 10% !important;}&#8221;]If you have any questions regarding our warranty, products, their features, operating instructions or how to care for your bag and our product descriptions or FAQ sections didn\u2019t offer enough information, please <strong><span style=\"color: #000000\"><a style=\"color: #000000\" href=\"https:\/\/www.krimcode.com\/de\/kontakt\/\">contact us<\/a><\/span><\/strong> at any time.[\/vc_toggle][\/vc_column][\/vc_row][vc_row row_padding_bottom=&#8221;80&#8243;][vc_column css=&#8221;.vc_custom_1548138716085{margin-top: 3% !important;}&#8221;][vc_column_text]\n<h3 style=\"text-align: center\">Antragsformular in Garantief\u00e4llen<\/h3>\n[\/vc_column_text][contact-form-7 id=&#8221;13346&#8243;][\/vc_column][\/vc_row]\n","protected":false},"excerpt":{"rendered":"<p>[vc_row background_color=&#8221;rgba(255,255,255,0.34)&#8221; css=&#8221;.vc_custom_1513583486875{padding-top: 0px !important;padding-right: 35px !important;padding-bottom: 0px !important;padding-left: 35px !important;background-color: #f4f4f4 !important;}&#8221;][vc_column width=&#8221;1\/2&#8243;][vc_column_text] Garantie Engagement Krimcode engagiert sich, beste Qualit\u00e4t f\u00fcr eine hervorragende Kundenerfahrung zu bieten. Deswegen deckt die Krimcode Garantie Reparaturen aufgrund von mangelhafter Verarbeitung oder Materialfehlern. Sollte das besch\u00e4digte Produkt nicht mehr auf Lager sein, wird Krimcode&hellip;<\/p>\n","protected":false},"author":4,"featured_media":0,"parent":0,"menu_order":0,"comment_status":"closed","ping_status":"closed","template":"","meta":[],"yoast_head":"<!-- This site is optimized with the Yoast SEO plugin v19.13 - https:\/\/yoast.com\/wordpress\/plugins\/seo\/ -->\n<title>Krimcode Garantie &mdash; Krimcode<\/title>\n<meta name=\"description\" content=\"Krimcode steht f\u00fcr Spitzenqualit\u00e4t, die wir mit einer lebenslangen Garantie auf alle Taschen unserer stylischen Kollektionen unterstreichen. Hierf\u00fcr gelten die folgenden Bedingungen.\" \/>\n<meta name=\"robots\" content=\"index, follow, max-snippet:-1, max-image-preview:large, max-video-preview:-1\" \/>\n<link rel=\"canonical\" href=\"https:\/\/www.krimcode.com\/de\/garantie\/\" \/>\n<meta property=\"og:locale\" content=\"de_DE\" \/>\n<meta property=\"og:type\" content=\"article\" \/>\n<meta property=\"og:title\" content=\"Krimcode Garantie &mdash; Krimcode\" \/>\n<meta property=\"og:description\" content=\"Krimcode steht f\u00fcr Spitzenqualit\u00e4t, die wir mit einer lebenslangen Garantie auf alle Taschen unserer stylischen Kollektionen unterstreichen. Hierf\u00fcr gelten die folgenden Bedingungen.\" \/>\n<meta property=\"og:url\" content=\"https:\/\/www.krimcode.com\/de\/garantie\/\" \/>\n<meta property=\"og:site_name\" content=\"Krimcode\" \/>\n<meta property=\"article:modified_time\" content=\"2020-10-05T02:33:20+00:00\" \/>\n<meta name=\"twitter:card\" content=\"summary_large_image\" \/>\n<meta name=\"twitter:label1\" content=\"Gesch\u00e4tzte Lesezeit\" \/>\n\t<meta name=\"twitter:data1\" content=\"2\u00a0Minuten\" \/>\n<script type=\"application\/ld+json\" class=\"yoast-schema-graph\">{\"@context\":\"https:\/\/schema.org\",\"@graph\":[{\"@type\":\"WebPage\",\"@id\":\"https:\/\/www.krimcode.com\/de\/garantie\/\",\"url\":\"https:\/\/www.krimcode.com\/de\/garantie\/\",\"name\":\"Krimcode Garantie &mdash; Krimcode\",\"isPartOf\":{\"@id\":\"https:\/\/www.krimcode.com\/#website\"},\"datePublished\":\"2019-08-08T15:02:30+00:00\",\"dateModified\":\"2020-10-05T02:33:20+00:00\",\"description\":\"Krimcode steht f\u00fcr Spitzenqualit\u00e4t, die wir mit einer lebenslangen Garantie auf alle Taschen unserer stylischen Kollektionen unterstreichen. Hierf\u00fcr gelten die folgenden Bedingungen.\",\"breadcrumb\":{\"@id\":\"https:\/\/www.krimcode.com\/de\/garantie\/#breadcrumb\"},\"inLanguage\":\"de\",\"potentialAction\":[{\"@type\":\"ReadAction\",\"target\":[\"https:\/\/www.krimcode.com\/de\/garantie\/\"]}]},{\"@type\":\"BreadcrumbList\",\"@id\":\"https:\/\/www.krimcode.com\/de\/garantie\/#breadcrumb\",\"itemListElement\":[{\"@type\":\"ListItem\",\"position\":1,\"name\":\"Home\",\"item\":\"https:\/\/www.krimcode.com\/de\/\"},{\"@type\":\"ListItem\",\"position\":2,\"name\":\"Krimcode Garantie\"}]},{\"@type\":\"WebSite\",\"@id\":\"https:\/\/www.krimcode.com\/#website\",\"url\":\"https:\/\/www.krimcode.com\/\",\"name\":\"Krimcode\",\"description\":\"Lifestyle backpacks and duffel bags\",\"potentialAction\":[{\"@type\":\"SearchAction\",\"target\":{\"@type\":\"EntryPoint\",\"urlTemplate\":\"https:\/\/www.krimcode.com\/?s={search_term_string}\"},\"query-input\":\"required name=search_term_string\"}],\"inLanguage\":\"de\"}]}<\/script>\n<!-- \/ Yoast SEO plugin. -->","yoast_head_json":{"title":"Krimcode Garantie &mdash; Krimcode","description":"Krimcode steht f\u00fcr Spitzenqualit\u00e4t, die wir mit einer lebenslangen Garantie auf alle Taschen unserer stylischen Kollektionen unterstreichen. Hierf\u00fcr gelten die folgenden Bedingungen.","robots":{"index":"index","follow":"follow","max-snippet":"max-snippet:-1","max-image-preview":"max-image-preview:large","max-video-preview":"max-video-preview:-1"},"canonical":"https:\/\/www.krimcode.com\/de\/garantie\/","og_locale":"de_DE","og_type":"article","og_title":"Krimcode Garantie &mdash; Krimcode","og_description":"Krimcode steht f\u00fcr Spitzenqualit\u00e4t, die wir mit einer lebenslangen Garantie auf alle Taschen unserer stylischen Kollektionen unterstreichen. Hierf\u00fcr gelten die folgenden Bedingungen.","og_url":"https:\/\/www.krimcode.com\/de\/garantie\/","og_site_name":"Krimcode","article_modified_time":"2020-10-05T02:33:20+00:00","twitter_card":"summary_large_image","twitter_misc":{"Gesch\u00e4tzte Lesezeit":"2\u00a0Minuten"},"schema":{"@context":"https:\/\/schema.org","@graph":[{"@type":"WebPage","@id":"https:\/\/www.krimcode.com\/de\/garantie\/","url":"https:\/\/www.krimcode.com\/de\/garantie\/","name":"Krimcode Garantie &mdash; Krimcode","isPartOf":{"@id":"https:\/\/www.krimcode.com\/#website"},"datePublished":"2019-08-08T15:02:30+00:00","dateModified":"2020-10-05T02:33:20+00:00","description":"Krimcode steht f\u00fcr Spitzenqualit\u00e4t, die wir mit einer lebenslangen Garantie auf alle Taschen unserer stylischen Kollektionen unterstreichen. Hierf\u00fcr gelten die folgenden Bedingungen.","breadcrumb":{"@id":"https:\/\/www.krimcode.com\/de\/garantie\/#breadcrumb"},"inLanguage":"de","potentialAction":[{"@type":"ReadAction","target":["https:\/\/www.krimcode.com\/de\/garantie\/"]}]},{"@type":"BreadcrumbList","@id":"https:\/\/www.krimcode.com\/de\/garantie\/#breadcrumb","itemListElement":[{"@type":"ListItem","position":1,"name":"Home","item":"https:\/\/www.krimcode.com\/de\/"},{"@type":"ListItem","position":2,"name":"Krimcode Garantie"}]},{"@type":"WebSite","@id":"https:\/\/www.krimcode.com\/#website","url":"https:\/\/www.krimcode.com\/","name":"Krimcode","description":"Lifestyle backpacks and duffel bags","potentialAction":[{"@type":"SearchAction","target":{"@type":"EntryPoint","urlTemplate":"https:\/\/www.krimcode.com\/?s={search_term_string}"},"query-input":"required name=search_term_string"}],"inLanguage":"de"}]}},"_links":{"self":[{"href":"https:\/\/www.krimcode.com\/de\/wp-json\/wp\/v2\/pages\/14851"}],"collection":[{"href":"https:\/\/www.krimcode.com\/de\/wp-json\/wp\/v2\/pages"}],"about":[{"href":"https:\/\/www.krimcode.com\/de\/wp-json\/wp\/v2\/types\/page"}],"author":[{"embeddable":true,"href":"https:\/\/www.krimcode.com\/de\/wp-json\/wp\/v2\/users\/4"}],"replies":[{"embeddable":true,"href":"https:\/\/www.krimcode.com\/de\/wp-json\/wp\/v2\/comments?post=14851"}],"version-history":[{"count":2,"href":"https:\/\/www.krimcode.com\/de\/wp-json\/wp\/v2\/pages\/14851\/revisions"}],"predecessor-version":[{"id":15135,"href":"https:\/\/www.krimcode.com\/de\/wp-json\/wp\/v2\/pages\/14851\/revisions\/15135"}],"wp:attachment":[{"href":"https:\/\/www.krimcode.com\/de\/wp-json\/wp\/v2\/media?parent=14851"}],"curies":[{"name":"wp","href":"https:\/\/api.w.org\/{rel}","templated":true}]}}