{"id":14856,"date":"2019-08-08T15:08:58","date_gmt":"2019-08-08T15:08:58","guid":{"rendered":"https:\/\/www.krimcode.com\/rechtliche-bedingungen\/"},"modified":"2020-10-05T02:42:41","modified_gmt":"2020-10-05T02:42:41","slug":"rechtliche-bedingungen","status":"publish","type":"page","link":"https:\/\/www.krimcode.com\/de\/rechtliche-bedingungen\/","title":{"rendered":"Rechtliche Bedingungen"},"content":{"rendered":"[vc_row full_height=&#8221;true&#8221; row_padding_bottom=&#8221;100&#8243;][vc_column][vc_column_text]<strong>BITTE AUFMERKSAM LESEN.<\/strong><\/p>\n<p>Diese Allgemeinen Gesch\u00e4ftsbedingungen (\u201cAGB\u201d) erl\u00e4utern Ihnen den Zugang und die Nutzung der Website der Krimcode AG Website (\u201cWebsite\u201d) an. Einige Inhalte, die \u00fcber diese Website zug\u00e4nglich sind, unterliegen zus\u00e4tzlichen Bedingungen. Soweit eine Bestimmung dieser zus\u00e4tzlichen Bedingungen und Konditionen mit diesen Bedingungen in Widerspruch steht, gelten diese zus\u00e4tzlichen Bedingungen. WENN SIE MIT DIESEN BEDINGUNGEN NICHT EINVERSTANDEN WERDEN, BENUTZEN SIE DIESE WEBSITE NICHT. IHRE NUTZUNG DIESER WEBSITE IST IHRE ANERKENNUNG DIESER BEDINGUNGEN.<\/p>\n<p><strong>ALLGEMEIN<\/strong><\/p>\n<p>Die Krimcode AG \u00fcbernimmt keine Gew\u00e4hr daf\u00fcr, dass der Inhalt dieser Website fehlerfrei ist. Informationen auf dieser Website k\u00f6nnen technische Ungenauigkeiten und \/ oder typografische oder andere Arten von Fehlern enthalten und k\u00f6nnen jederzeit ohne vorherige Ank\u00fcndigung ge\u00e4ndert oder aktualisiert werden. Die Krimcode AG kann auch ohne vorherige Ank\u00fcndigung Verbesserungen und \/ oder \u00c4nderungen an den auf dieser Website beschriebenen Produkten und \/ oder Programmen vornehmen. Die Krimcode AG wird angemessene Anstrengungen unternehmen, um genaue und aktuelle Informationen auf dieser Website zu platzieren, aber keine Gew\u00e4hr f\u00fcr deren Richtigkeit, Vollst\u00e4ndigkeit und \/ oder Aktualit\u00e4t. Sie erkennen an, dass Ihre Nutzung von Informationen, die \u00fcber diese Website verf\u00fcgbar sind, auf eigene Gefahr erfolgt.<\/p>\n<p><strong>GARANTIE-HAFTUNGSAUSSCHLUSS<\/strong><\/p>\n<p>Die Materialien auf dieser Website sind ohne Garantien jeglicher Art weder ausdr\u00fccklich noch impliziert. Die Krimcode AG lehnt jegliche ausdr\u00fcckliche oder stillschweigende Gew\u00e4hrleistung, einschlie\u00dflich, aber nicht beschr\u00e4nkt auf, implizierte Garantien der Marktg\u00e4ngigkeit, Eignung f\u00fcr einen bestimmten Zweck, eine Nichtverletzung oder eine andere Verletzung von Rechten ab. Die Krimcode AG \u00fcbernimmt keinerlei Gew\u00e4hr f\u00fcr die Verwendung, die G\u00fcltigkeit, die Genauigkeit, die Zuverl\u00e4ssigkeit oder die Ergebnisse der Verwendung oder anderweitige Einhaltung der Materialien auf dieser Website oder der mit dieser Website verkn\u00fcpften Websites.<\/p>\n<p><strong>HAFTUNGSBESCHR\u00c4NKUNG<\/strong><\/p>\n<p>In keinem Fall haftet die Krimcode AG f\u00fcr irgendwelche direkten, indirekten, besonderen oder sonstigen Folgesch\u00e4den f\u00fcr jegliche Nutzung dieser Website oder auf einer anderen Hyperlink-Website, einschlie\u00dflich, ohne Einschr\u00e4nkung, entgangene Gewinne, entgangene Einnahmen, Betriebsunterbrechungen oder anderweitiges, auch wenn wir ausdr\u00fccklich von der M\u00f6glichkeit solcher Sch\u00e4den in Kenntnis gesetzt werden.<\/p>\n<p><strong>VERTRAULICHE INFORMATIONEN<\/strong><\/p>\n<p>Sie k\u00f6nnen \u00fcber diese Website oder Links von dieser Seite Zugang zu vertraulichen Informationen der Krimcode AG erhalten. Sie d\u00fcrfen die vertraulichen Informationen der Krimcode AG nicht ohne schriftliche Zustimmung der Krimcode AG an Dritte weitergeben. Sie m\u00fcssen die vertraulichen Informationen der Krimcode AG mit mindestens der gleichen Sorgfalt sch\u00fctzen, die Ihren vertraulichen Informationen zukommt, aber in keinem Fall weniger als angemessene Sorgfalt. Die vertraulichen Informationen der Krimcode AG umfassen, sind aber nicht beschr\u00e4nkt auf \u2013 alle nicht\u00f6ffentlichen Informationen \u00fcber die Krimcode AG, ihr geistiges Eigentum oder ihre Produkte, Menge und Preise der gekauften Produkte, Konstruktions- und Entwicklungsdaten, Konstruktionsdetails, CAD-Zeichnungen, Vertriebs- und Marketingpl\u00e4ne, unangek\u00fcndigte Produkte, alle als \u201cvertraulich\u201d oder \u201cpropriet\u00e4r\u201d oder \u00e4hnlich gekennzeichneten Informationen oder irgendwelche Informationen, die, falls sie offen gelegt wurden, f\u00fcr die Krimcode AG wettbewerbsbesch\u00e4digt sein k\u00f6nnten. Sie k\u00f6nnen mit der Krimcode AG gesonderte Geheimhaltungsvereinbarungen abschlie\u00dfen. Soweit die Begriffe, die eine spezifische Offenlegung regeln, restriktiver sind als die in diesem Absatz genannten Begriffe, werden die restriktiveren Bedingungen f\u00fcr die spezifische Offenlegung kontrollieren.<\/p>\n<p><strong>HERUNTERLADBARE SOFTWARE<\/strong><\/p>\n<p>Es gibt inh\u00e4rente Gefahren bei der Nutzung von Software, die zum Download im Internet zur Verf\u00fcgung steht, und die Krimcode AG ber\u00e4t Sie, dass Sie alle potenziellen Risiken vollst\u00e4ndig verstehen, bevor Sie Software herunterladen (einschlie\u00dflich der m\u00f6glichen Infektion Ihres Systems durch Computerviren). Sie sind allein verantwortlich f\u00fcr den angemessenen Schutz und die Sicherung der Daten und Ger\u00e4te, die in Verbindung mit einer der Software verwendet werden, und \u00fcbernehmen alle Risiken, die mit einer heruntergeladenen Software verbunden sind.<\/p>\n<p><strong>LINKS ZU EXTERNEN WEBSITEN<\/strong><\/p>\n<p>Es gibt Links auf dieser Seite, die es Ihnen erlauben, auf Drittanbieter-Seiten zu gelangen, \u00fcber die die Krimcode AG keine Kontrolle hat. Diese Links sind nur f\u00fcr die Benutzerfreundlichkeit zur Verf\u00fcgung gestellt und die Nutzung erfolgt auf eigene Gefahr. Die Krimcode AG \u00fcbernimmt keinerlei Zusicherungen \u00fcber den Inhalt einer dieser externen Websites oder \u00fcber die in den Webseiten enthaltenen Links, auf die Sie \u00fcber diese Website zugreifen k\u00f6nnen. Die Krimcode AG \u00fcbernimmt keinerlei Verantwortung f\u00fcr den Inhalt oder die Nutzung der verlinkten Seiten.<\/p>\n<p><strong>COPYRIGHT UND WARENZEICHEN<\/strong><\/p>\n<p>Das Urheberrecht an allen auf dieser Website bereitgestellten Materialien wird von der Krimcode AG oder vom urspr\u00fcnglichen Ersteller des Materials gehalten. Sofern hier nicht anders erw\u00e4hnt, darf kein Material kopiert, vervielf\u00e4ltigt, verbreitet, neu ver\u00f6ffentlicht, heruntergeladen, angezeigt, gepostet, gerahmt oder in irgendeiner Form oder mit irgendwelchen Mitteln \u00fcbertragen werden, einschlie\u00dflich, aber nicht beschr\u00e4nkt auf elektronische und mechanische \u00dcbermittlung, Fotokopieren, Aufzeichnen oder anderweitig ohne vorherige schriftliche Zustimmung der Krimcode AG oder des Urheberrechtsinhabers.<\/p>\n<p><strong>GELTENDE RECHTSVORSCHRIFTEN<\/strong><\/p>\n<p>Diese Seite wird von der Krimcode AG aus der Schweiz gepflegt, kontrolliert, betrieben und verwaltet. Die Krimcode AG erhebt keinen Anspruch darauf, dass Materialien auf dieser Website f\u00fcr den Einsatz an Orten au\u00dferhalb der Schweiz geeignet sind und der Zugang zu dieser Website aus L\u00e4ndern, in denen ihr Inhalt oder Betrieb illegal ist, verboten ist. Wenn Sie von einem Standort au\u00dferhalb der Schweiz auf diese Seite zugreifen, sind Sie f\u00fcr die Einhaltung aller lokalen Gesetze verantwortlich.<\/p>\n<p>Diese Bedingungen stellen die Vereinbarung \u00fcber die Nutzung der Website dar. Das Vers\u00e4umnis der Krimcode AG, ein Recht oder eine Bestimmung dieser Bedingungen durchzusetzen, stellt keinen Verzicht auf dieses Recht oder die Bestimmung dar. Die Krimcode AG kann diese Bedingungen jederzeit durch die Aktualisierung dieses Beitrags \u00fcberarbeiten. Ihre fortgesetzte Nutzung dieser Website nach der Ver\u00f6ffentlichung von \u00c4nderungen an diesen Bedingungen stellt die Annahme dieser \u00c4nderungen dar. Um die aktuellste Version dieser Bedingungen jederzeit anzuzeigen, klicken Sie auf den Hypertext-Link \u201cNutzungsbedingungen\u201d, der auf dieser Website verf\u00fcgbar ist.<\/p>\n<p><strong>HAFTUNGSAUSSCHLUSS<\/strong><\/p>\n<p>Krimcode AG hat Lieferanten von verschiedenen L\u00e4ndern weltweit. Das Herstellungsland ist klar am Etikett vermerkt. Wir garantieren, dass alle Produkte mit dem Schweizer Kreuz oder mit \u201cSwiss-Made\u201d in der Schweiz produziert wurden und den aktuellen Swiss-Made Standards entsprechen. Produkte ohne Schweizer Kreuz oder \u201cSwiss-Made\u201d wurden au\u00dferhalb der Schweiz produziert. Die Mehrzahl unserer im Ausland produzierten Produkte werden in unserer modernen Produktionsanlage in Kanton hergestellt. Bitte z\u00f6gern Sie nicht uns zu kontaktieren, sollten Sie weitere Fragen haben.<\/p>\n<p><strong>COOKIES<\/strong><\/p>\n<p>Die Website verwendet teilweise so genannte Cookies. Cookies richten auf Ihrem Rechner keinen Schaden an und enthalten keine Viren. Cookies dienen dazu, unser Angebot nutzerfreundlicher, effektiver und sicherer zu machen. Cookies sind kleine Textdateien, die auf Ihrem Rechner abgelegt werden und die Ihr Browser speichert. Die meisten der von uns verwendeten Cookies sind so genannte \u201cSession-Cookies\u201d. Sie werden nach Ende Ihres Besuchs automatisch gel\u00f6scht. Andere Cookies bleiben auf Ihrem Endger\u00e4t gespeichert, bis Sie diese l\u00f6schen. Diese Cookies erm\u00f6glichen es uns, Ihren Browser beim n\u00e4chsten Besuch wiederzuerkennen. Sie k\u00f6nnen Ihren Browser so einstellen, dass Sie \u00fcber das Setzen von Cookies informiert werden und Cookies nur im Einzelfall erlauben, die Annahme von Cookies f\u00fcr bestimmte F\u00e4lle oder generell auszuschlie\u00dfen sowie das automatische L\u00f6schen beim Schlie\u00dfen des Browsers aktivieren. Bei der Deaktivierung von Cookies kann die Funktionalit\u00e4t dieser Website eingeschr\u00e4nkt sein.<\/p>\n<p><strong>GOOGLE ANALYTICS<\/strong><\/p>\n<p>Diese Website benutzt Google Analytics, einen Webanalysedienst der Google Inc. (\u201eGoogle\u201c). Google Analytics verwendet sog. \u201eCookies\u201c, Textdateien, die auf Ihrem Computer gespeichert werden und die eine Analyse der Benutzung der Website durch Sie erm\u00f6glicht. Die durch den Cookie erzeugten Informationen \u00fcber Ihre Benutzung diese Website (einschliesslich Ihrer IP-Adresse) wird an einen Server von Google in den USA \u00fcbertragen und dort gespeichert. Google wird diese Informationen benutzen, um Ihre Nutzung der Website auszuwerten, um Reports \u00fcber die Websiteaktivit\u00e4ten f\u00fcr die Websitebetreiber zusammenzustellen und um weitere mit der Websitenutzung und der Internetnutzung verbundene Dienstleistungen zu erbringen. Auch wird Google diese Informationen gegebenenfalls an Dritte \u00fcbertragen, sofern dies gesetzlich vorgeschrieben oder soweit Dritte diese Daten im Auftrag von Google verarbeiten. Google wird in keinem Fall Ihre IP-Adresse mit anderen Daten von Google in Verbindung bringen. Sie k\u00f6nnen die Installation der Cookies durch eine entsprechende Einstellung Ihrer Browser-Software verhindern; wir weisen Sie jedoch darauf hin, dass Sie in diesem Fall gegebenenfalls nicht s\u00e4mtliche Funktionen dieser Website vollumf\u00e4nglich nutzen k\u00f6nnen. Durch die Nutzung dieser Website erkl\u00e4ren Sie sich mit der Bearbeitung der \u00fcber Sie erhobenen Daten durch Google in der zuvor beschriebenen Art und Weise und zu dem zuvor benannten Zweck einverstanden.<\/p>\n<p><strong>KONTAKTFORMULAR<\/strong><\/p>\n<p>Wenn Sie uns per Kontaktformular Anfragen zukommen lassen, werden Ihre Angaben aus dem Anfrageformular inklusive der von Ihnen dort angegebenen Kontaktdaten zwecks Bearbeitung der Anfrage und f\u00fcr den Fall von Anschlussfragen bei uns gespeichert. Diese Daten geben wir nicht ohne Ihre Einwilligung weiter.<\/p>\n[\/vc_column_text][\/vc_column][\/vc_row]\n","protected":false},"excerpt":{"rendered":"<p>[vc_row full_height=&#8221;true&#8221; row_padding_bottom=&#8221;100&#8243;][vc_column][vc_column_text]BITTE AUFMERKSAM LESEN. Diese Allgemeinen Gesch\u00e4ftsbedingungen (\u201cAGB\u201d) erl\u00e4utern Ihnen den Zugang und die Nutzung der Website der Krimcode AG Website (\u201cWebsite\u201d) an. Einige Inhalte, die \u00fcber diese Website zug\u00e4nglich sind, unterliegen zus\u00e4tzlichen Bedingungen. Soweit eine Bestimmung dieser zus\u00e4tzlichen Bedingungen und Konditionen mit diesen Bedingungen in Widerspruch steht, gelten&hellip;<\/p>\n","protected":false},"author":2,"featured_media":0,"parent":0,"menu_order":0,"comment_status":"closed","ping_status":"closed","template":"","meta":[],"yoast_head":"<!-- This site is optimized with the Yoast SEO plugin v19.13 - https:\/\/yoast.com\/wordpress\/plugins\/seo\/ -->\n<title>Rechtliche Bedingungen &mdash; Krimcode<\/title>\n<meta name=\"description\" content=\"Die rechtlichen Bestimmungen regeln Ihren Zugang zu unserer Website. F\u00fcr einige Inhalte, die \u00fcber diese Website zug\u00e4nglich sind, gelten zus\u00e4tzliche Bedingungen und Konditionen.\" \/>\n<meta name=\"robots\" content=\"index, follow, max-snippet:-1, max-image-preview:large, max-video-preview:-1\" \/>\n<link rel=\"canonical\" href=\"https:\/\/www.krimcode.com\/de\/rechtliche-bedingungen\/\" \/>\n<meta property=\"og:locale\" content=\"de_DE\" \/>\n<meta property=\"og:type\" content=\"article\" \/>\n<meta property=\"og:title\" content=\"Rechtliche Bedingungen &mdash; Krimcode\" \/>\n<meta property=\"og:description\" content=\"Die rechtlichen Bestimmungen regeln Ihren Zugang zu unserer Website. F\u00fcr einige Inhalte, die \u00fcber diese Website zug\u00e4nglich sind, gelten zus\u00e4tzliche Bedingungen und Konditionen.\" \/>\n<meta property=\"og:url\" content=\"https:\/\/www.krimcode.com\/de\/rechtliche-bedingungen\/\" \/>\n<meta property=\"og:site_name\" content=\"Krimcode\" \/>\n<meta property=\"article:modified_time\" content=\"2020-10-05T02:42:41+00:00\" \/>\n<meta name=\"twitter:card\" content=\"summary_large_image\" \/>\n<meta name=\"twitter:label1\" content=\"Gesch\u00e4tzte Lesezeit\" \/>\n\t<meta name=\"twitter:data1\" content=\"7\u00a0Minuten\" \/>\n<script type=\"application\/ld+json\" class=\"yoast-schema-graph\">{\"@context\":\"https:\/\/schema.org\",\"@graph\":[{\"@type\":\"WebPage\",\"@id\":\"https:\/\/www.krimcode.com\/de\/rechtliche-bedingungen\/\",\"url\":\"https:\/\/www.krimcode.com\/de\/rechtliche-bedingungen\/\",\"name\":\"Rechtliche Bedingungen &mdash; Krimcode\",\"isPartOf\":{\"@id\":\"https:\/\/www.krimcode.com\/#website\"},\"datePublished\":\"2019-08-08T15:08:58+00:00\",\"dateModified\":\"2020-10-05T02:42:41+00:00\",\"description\":\"Die rechtlichen Bestimmungen regeln Ihren Zugang zu unserer Website. F\u00fcr einige Inhalte, die \u00fcber diese Website zug\u00e4nglich sind, gelten zus\u00e4tzliche Bedingungen und Konditionen.\",\"breadcrumb\":{\"@id\":\"https:\/\/www.krimcode.com\/de\/rechtliche-bedingungen\/#breadcrumb\"},\"inLanguage\":\"de\",\"potentialAction\":[{\"@type\":\"ReadAction\",\"target\":[\"https:\/\/www.krimcode.com\/de\/rechtliche-bedingungen\/\"]}]},{\"@type\":\"BreadcrumbList\",\"@id\":\"https:\/\/www.krimcode.com\/de\/rechtliche-bedingungen\/#breadcrumb\",\"itemListElement\":[{\"@type\":\"ListItem\",\"position\":1,\"name\":\"Home\",\"item\":\"https:\/\/www.krimcode.com\/de\/\"},{\"@type\":\"ListItem\",\"position\":2,\"name\":\"Rechtliche Bedingungen\"}]},{\"@type\":\"WebSite\",\"@id\":\"https:\/\/www.krimcode.com\/#website\",\"url\":\"https:\/\/www.krimcode.com\/\",\"name\":\"Krimcode\",\"description\":\"Lifestyle backpacks and duffel bags\",\"potentialAction\":[{\"@type\":\"SearchAction\",\"target\":{\"@type\":\"EntryPoint\",\"urlTemplate\":\"https:\/\/www.krimcode.com\/?s={search_term_string}\"},\"query-input\":\"required name=search_term_string\"}],\"inLanguage\":\"de\"}]}<\/script>\n<!-- \/ Yoast SEO plugin. -->","yoast_head_json":{"title":"Rechtliche Bedingungen &mdash; Krimcode","description":"Die rechtlichen Bestimmungen regeln Ihren Zugang zu unserer Website. F\u00fcr einige Inhalte, die \u00fcber diese Website zug\u00e4nglich sind, gelten zus\u00e4tzliche Bedingungen und Konditionen.","robots":{"index":"index","follow":"follow","max-snippet":"max-snippet:-1","max-image-preview":"max-image-preview:large","max-video-preview":"max-video-preview:-1"},"canonical":"https:\/\/www.krimcode.com\/de\/rechtliche-bedingungen\/","og_locale":"de_DE","og_type":"article","og_title":"Rechtliche Bedingungen &mdash; Krimcode","og_description":"Die rechtlichen Bestimmungen regeln Ihren Zugang zu unserer Website. F\u00fcr einige Inhalte, die \u00fcber diese Website zug\u00e4nglich sind, gelten zus\u00e4tzliche Bedingungen und Konditionen.","og_url":"https:\/\/www.krimcode.com\/de\/rechtliche-bedingungen\/","og_site_name":"Krimcode","article_modified_time":"2020-10-05T02:42:41+00:00","twitter_card":"summary_large_image","twitter_misc":{"Gesch\u00e4tzte Lesezeit":"7\u00a0Minuten"},"schema":{"@context":"https:\/\/schema.org","@graph":[{"@type":"WebPage","@id":"https:\/\/www.krimcode.com\/de\/rechtliche-bedingungen\/","url":"https:\/\/www.krimcode.com\/de\/rechtliche-bedingungen\/","name":"Rechtliche Bedingungen &mdash; Krimcode","isPartOf":{"@id":"https:\/\/www.krimcode.com\/#website"},"datePublished":"2019-08-08T15:08:58+00:00","dateModified":"2020-10-05T02:42:41+00:00","description":"Die rechtlichen Bestimmungen regeln Ihren Zugang zu unserer Website. F\u00fcr einige Inhalte, die \u00fcber diese Website zug\u00e4nglich sind, gelten zus\u00e4tzliche Bedingungen und Konditionen.","breadcrumb":{"@id":"https:\/\/www.krimcode.com\/de\/rechtliche-bedingungen\/#breadcrumb"},"inLanguage":"de","potentialAction":[{"@type":"ReadAction","target":["https:\/\/www.krimcode.com\/de\/rechtliche-bedingungen\/"]}]},{"@type":"BreadcrumbList","@id":"https:\/\/www.krimcode.com\/de\/rechtliche-bedingungen\/#breadcrumb","itemListElement":[{"@type":"ListItem","position":1,"name":"Home","item":"https:\/\/www.krimcode.com\/de\/"},{"@type":"ListItem","position":2,"name":"Rechtliche Bedingungen"}]},{"@type":"WebSite","@id":"https:\/\/www.krimcode.com\/#website","url":"https:\/\/www.krimcode.com\/","name":"Krimcode","description":"Lifestyle backpacks and duffel bags","potentialAction":[{"@type":"SearchAction","target":{"@type":"EntryPoint","urlTemplate":"https:\/\/www.krimcode.com\/?s={search_term_string}"},"query-input":"required name=search_term_string"}],"inLanguage":"de"}]}},"_links":{"self":[{"href":"https:\/\/www.krimcode.com\/de\/wp-json\/wp\/v2\/pages\/14856"}],"collection":[{"href":"https:\/\/www.krimcode.com\/de\/wp-json\/wp\/v2\/pages"}],"about":[{"href":"https:\/\/www.krimcode.com\/de\/wp-json\/wp\/v2\/types\/page"}],"author":[{"embeddable":true,"href":"https:\/\/www.krimcode.com\/de\/wp-json\/wp\/v2\/users\/2"}],"replies":[{"embeddable":true,"href":"https:\/\/www.krimcode.com\/de\/wp-json\/wp\/v2\/comments?post=14856"}],"version-history":[{"count":3,"href":"https:\/\/www.krimcode.com\/de\/wp-json\/wp\/v2\/pages\/14856\/revisions"}],"predecessor-version":[{"id":15137,"href":"https:\/\/www.krimcode.com\/de\/wp-json\/wp\/v2\/pages\/14856\/revisions\/15137"}],"wp:attachment":[{"href":"https:\/\/www.krimcode.com\/de\/wp-json\/wp\/v2\/media?parent=14856"}],"curies":[{"name":"wp","href":"https:\/\/api.w.org\/{rel}","templated":true}]}}