{"id":14806,"date":"2019-03-20T06:56:57","date_gmt":"2019-03-20T06:56:57","guid":{"rendered":"https:\/\/www.krimcode.com\/shop\/unkategorisiert\/krimcode-business-attire-duffel-bag-19-blue\/"},"modified":"2021-04-20T01:42:58","modified_gmt":"2021-04-20T01:42:58","slug":"krimcode-business-attire-duffel-bag-19-blue","status":"publish","type":"product","link":"https:\/\/www.krimcode.com\/de\/shop\/business-attire-de\/krimcode-business-attire-duffel-bag-19-blue\/","title":{"rendered":"Krimcode Business Attire Duffel Bag"},"content":{"rendered":"","protected":false},"excerpt":{"rendered":"<p>Der Krimcode Blue Business Attire Duffel Bag ist f\u00fcr den Unternehmer mit Sinn f\u00fcr Stil entworfen. Diese professionelle Reisetasche passt sich dem formellen Business Dresscode an und kann im Office oder auf Dienstreisen eingesetzt werden. Das einfarbige Blau verleiht einer Reihe von Kleidungsst\u00fccken einen Hauch von Farbe.<\/p>\n<p>Im Inneren der Reisetasche sind separate F\u00e4cher f\u00fcr Ger\u00e4te und andere wichtige Gegenst\u00e4nde vorgesehen, wodurch sie sich ideal f\u00fcr den professionellen Einsatz eignet. Dank des gro\u00dfz\u00fcgigen Innenraums eignet sie sich f\u00fcr kurze als auch l\u00e4ngere Reisen. Die Tasche ist aus wasserabweisendem K-Tech gefertigt und mit einem Gurt ausgestattet, mit dem sie \u00fcber die Schulter getragen werden kann.<\/p>\n","protected":false},"featured_media":14405,"template":"","meta":[],"product_cat":[395],"product_tag":[],"yoast_head":"<!-- This site is optimized with the Yoast SEO plugin v19.13 - https:\/\/yoast.com\/wordpress\/plugins\/seo\/ -->\n<title>Krimcode Business Attire Duffel Bag | Blue &mdash; Krimcode<\/title>\n<meta name=\"description\" content=\"Die Krimcode Blue Duffel bag verleiht jedem formellen oder eleganten Stil einen Farbtupfer. Dieser Rucksack eignet sich auch als Handgep\u00e4ck f\u00fcr Gesch\u00e4ftsreisen.\" \/>\n<meta name=\"robots\" content=\"index, follow, max-snippet:-1, max-image-preview:large, max-video-preview:-1\" \/>\n<link rel=\"canonical\" href=\"https:\/\/www.krimcode.com\/de\/shop\/business-attire-de\/krimcode-business-attire-duffel-bag-19-blue\/\" \/>\n<meta property=\"og:locale\" content=\"de_DE\" \/>\n<meta property=\"og:type\" content=\"article\" \/>\n<meta property=\"og:title\" content=\"Krimcode Business Attire Duffel Bag | Blue &mdash; Krimcode\" \/>\n<meta property=\"og:description\" content=\"Die Krimcode Blue Duffel bag verleiht jedem formellen oder eleganten Stil einen Farbtupfer. Dieser Rucksack eignet sich auch als Handgep\u00e4ck f\u00fcr Gesch\u00e4ftsreisen.\" \/>\n<meta property=\"og:url\" content=\"https:\/\/www.krimcode.com\/de\/shop\/business-attire-de\/krimcode-business-attire-duffel-bag-19-blue\/\" \/>\n<meta property=\"og:site_name\" content=\"Krimcode\" \/>\n<meta property=\"article:modified_time\" content=\"2021-04-20T01:42:58+00:00\" \/>\n<meta property=\"og:image\" content=\"https:\/\/www.krimcode.com\/wp-content\/uploads\/2019\/03\/Krimcode-Business-Attire-Duffle-Bag-KBAL19-1N0BM-Perspective.jpg\" \/>\n\t<meta property=\"og:image:width\" content=\"1500\" \/>\n\t<meta property=\"og:image:height\" content=\"1800\" \/>\n\t<meta property=\"og:image:type\" content=\"image\/jpeg\" \/>\n<meta name=\"twitter:card\" content=\"summary_large_image\" \/>\n<script type=\"application\/ld+json\" class=\"yoast-schema-graph\">{\"@context\":\"https:\/\/schema.org\",\"@graph\":[{\"@type\":\"WebPage\",\"@id\":\"https:\/\/www.krimcode.com\/de\/shop\/business-attire-de\/krimcode-business-attire-duffel-bag-19-blue\/\",\"url\":\"https:\/\/www.krimcode.com\/de\/shop\/business-attire-de\/krimcode-business-attire-duffel-bag-19-blue\/\",\"name\":\"Krimcode Business Attire Duffel Bag | Blue &mdash; Krimcode\",\"isPartOf\":{\"@id\":\"https:\/\/www.krimcode.com\/#website\"},\"datePublished\":\"2019-03-20T06:56:57+00:00\",\"dateModified\":\"2021-04-20T01:42:58+00:00\",\"description\":\"Die Krimcode Blue Duffel bag verleiht jedem formellen oder eleganten Stil einen Farbtupfer. Dieser Rucksack eignet sich auch als Handgep\u00e4ck f\u00fcr Gesch\u00e4ftsreisen.\",\"breadcrumb\":{\"@id\":\"https:\/\/www.krimcode.com\/de\/shop\/business-attire-de\/krimcode-business-attire-duffel-bag-19-blue\/#breadcrumb\"},\"inLanguage\":\"de\",\"potentialAction\":[{\"@type\":\"ReadAction\",\"target\":[\"https:\/\/www.krimcode.com\/de\/shop\/business-attire-de\/krimcode-business-attire-duffel-bag-19-blue\/\"]}]},{\"@type\":\"BreadcrumbList\",\"@id\":\"https:\/\/www.krimcode.com\/de\/shop\/business-attire-de\/krimcode-business-attire-duffel-bag-19-blue\/#breadcrumb\",\"itemListElement\":[{\"@type\":\"ListItem\",\"position\":1,\"name\":\"Home\",\"item\":\"https:\/\/www.krimcode.com\/de\/\"},{\"@type\":\"ListItem\",\"position\":2,\"name\":\"Shop\",\"item\":\"https:\/\/www.krimcode.com\/de\/shop\/\"},{\"@type\":\"ListItem\",\"position\":3,\"name\":\"Krimcode Business Attire Duffel Bag\"}]},{\"@type\":\"WebSite\",\"@id\":\"https:\/\/www.krimcode.com\/#website\",\"url\":\"https:\/\/www.krimcode.com\/\",\"name\":\"Krimcode\",\"description\":\"Lifestyle backpacks and duffel bags\",\"potentialAction\":[{\"@type\":\"SearchAction\",\"target\":{\"@type\":\"EntryPoint\",\"urlTemplate\":\"https:\/\/www.krimcode.com\/?s={search_term_string}\"},\"query-input\":\"required name=search_term_string\"}],\"inLanguage\":\"de\"}]}<\/script>\n<!-- \/ Yoast SEO plugin. -->","yoast_head_json":{"title":"Krimcode Business Attire Duffel Bag | Blue &mdash; Krimcode","description":"Die Krimcode Blue Duffel bag verleiht jedem formellen oder eleganten Stil einen Farbtupfer. Dieser Rucksack eignet sich auch als Handgep\u00e4ck f\u00fcr Gesch\u00e4ftsreisen.","robots":{"index":"index","follow":"follow","max-snippet":"max-snippet:-1","max-image-preview":"max-image-preview:large","max-video-preview":"max-video-preview:-1"},"canonical":"https:\/\/www.krimcode.com\/de\/shop\/business-attire-de\/krimcode-business-attire-duffel-bag-19-blue\/","og_locale":"de_DE","og_type":"article","og_title":"Krimcode Business Attire Duffel Bag | Blue &mdash; Krimcode","og_description":"Die Krimcode Blue Duffel bag verleiht jedem formellen oder eleganten Stil einen Farbtupfer. Dieser Rucksack eignet sich auch als Handgep\u00e4ck f\u00fcr Gesch\u00e4ftsreisen.","og_url":"https:\/\/www.krimcode.com\/de\/shop\/business-attire-de\/krimcode-business-attire-duffel-bag-19-blue\/","og_site_name":"Krimcode","article_modified_time":"2021-04-20T01:42:58+00:00","og_image":[{"width":1500,"height":1800,"url":"https:\/\/www.krimcode.com\/wp-content\/uploads\/2019\/03\/Krimcode-Business-Attire-Duffle-Bag-KBAL19-1N0BM-Perspective.jpg","type":"image\/jpeg"}],"twitter_card":"summary_large_image","schema":{"@context":"https:\/\/schema.org","@graph":[{"@type":"WebPage","@id":"https:\/\/www.krimcode.com\/de\/shop\/business-attire-de\/krimcode-business-attire-duffel-bag-19-blue\/","url":"https:\/\/www.krimcode.com\/de\/shop\/business-attire-de\/krimcode-business-attire-duffel-bag-19-blue\/","name":"Krimcode Business Attire Duffel Bag | Blue &mdash; Krimcode","isPartOf":{"@id":"https:\/\/www.krimcode.com\/#website"},"datePublished":"2019-03-20T06:56:57+00:00","dateModified":"2021-04-20T01:42:58+00:00","description":"Die Krimcode Blue Duffel bag verleiht jedem formellen oder eleganten Stil einen Farbtupfer. Dieser Rucksack eignet sich auch als Handgep\u00e4ck f\u00fcr Gesch\u00e4ftsreisen.","breadcrumb":{"@id":"https:\/\/www.krimcode.com\/de\/shop\/business-attire-de\/krimcode-business-attire-duffel-bag-19-blue\/#breadcrumb"},"inLanguage":"de","potentialAction":[{"@type":"ReadAction","target":["https:\/\/www.krimcode.com\/de\/shop\/business-attire-de\/krimcode-business-attire-duffel-bag-19-blue\/"]}]},{"@type":"BreadcrumbList","@id":"https:\/\/www.krimcode.com\/de\/shop\/business-attire-de\/krimcode-business-attire-duffel-bag-19-blue\/#breadcrumb","itemListElement":[{"@type":"ListItem","position":1,"name":"Home","item":"https:\/\/www.krimcode.com\/de\/"},{"@type":"ListItem","position":2,"name":"Shop","item":"https:\/\/www.krimcode.com\/de\/shop\/"},{"@type":"ListItem","position":3,"name":"Krimcode Business Attire Duffel Bag"}]},{"@type":"WebSite","@id":"https:\/\/www.krimcode.com\/#website","url":"https:\/\/www.krimcode.com\/","name":"Krimcode","description":"Lifestyle backpacks and duffel bags","potentialAction":[{"@type":"SearchAction","target":{"@type":"EntryPoint","urlTemplate":"https:\/\/www.krimcode.com\/?s={search_term_string}"},"query-input":"required name=search_term_string"}],"inLanguage":"de"}]}},"_links":{"self":[{"href":"https:\/\/www.krimcode.com\/de\/wp-json\/wp\/v2\/product\/14806"}],"collection":[{"href":"https:\/\/www.krimcode.com\/de\/wp-json\/wp\/v2\/product"}],"about":[{"href":"https:\/\/www.krimcode.com\/de\/wp-json\/wp\/v2\/types\/product"}],"wp:featuredmedia":[{"embeddable":true,"href":"https:\/\/www.krimcode.com\/de\/wp-json\/wp\/v2\/media\/14405"}],"wp:attachment":[{"href":"https:\/\/www.krimcode.com\/de\/wp-json\/wp\/v2\/media?parent=14806"}],"wp:term":[{"taxonomy":"product_cat","embeddable":true,"href":"https:\/\/www.krimcode.com\/de\/wp-json\/wp\/v2\/product_cat?post=14806"},{"taxonomy":"product_tag","embeddable":true,"href":"https:\/\/www.krimcode.com\/de\/wp-json\/wp\/v2\/product_tag?post=14806"}],"curies":[{"name":"wp","href":"https:\/\/api.w.org\/{rel}","templated":true}]}}