{"id":14808,"date":"2018-11-30T01:15:38","date_gmt":"2018-11-30T01:15:38","guid":{"rendered":"https:\/\/www.krimcode.com\/shop\/unkategorisiert\/krimcode-smart-casual-notebook-backpack-8-black\/"},"modified":"2021-04-20T02:16:50","modified_gmt":"2021-04-20T02:16:50","slug":"krimcode-smart-casual-notebook-backpack-8-black","status":"publish","type":"product","link":"https:\/\/www.krimcode.com\/de\/shop\/smart-casual-de\/krimcode-smart-casual-notebook-backpack-8-black\/","title":{"rendered":"Krimcode Smart Casual Backpack"},"content":{"rendered":"[vc_row gap=&#8221;zero&#8221; full_height=&#8221;true&#8221; background_img_id=&#8221;13551&#8243;][vc_column][\/vc_column][\/vc_row][vc_row equal_height=&#8221;true&#8221; gap=&#8221;zero&#8221; background_img_id=&#8221;72193&#8243; row_padding_top=&#8221;100&#8243; row_padding_bottom=&#8221;100&#8243;][vc_column width=&#8221;1\/2&#8243; vertical_position=&#8221;middle&#8221; css=&#8221;.vc_custom_1543545374923{padding-right: 15% !important;padding-left: 15% !important;}&#8221;][vc_column_text]\n<h3>Smart organization<\/h3>\n<p>Smart and multifunctional multicompartment organisation with a rich feature set.<\/p>\n[\/vc_column_text][\/vc_column][vc_column width=&#8221;1\/2&#8243;][vc_single_image image=&#8221;12822&#8243; img_size=&#8221;500&#215;500&#8243; alignment=&#8221;center&#8221;][\/vc_column][\/vc_row][vc_row type=&#8221;full_width&#8221; background_color=&#8221;#f2f2f2&#8243; row_padding_top=&#8221;150&#8243; row_padding_bottom=&#8221;150&#8243;][vc_column width=&#8221;1\/6&#8243;][\/vc_column][vc_column width=&#8221;2\/3&#8243; css=&#8221;.vc_custom_1551807225218{padding-top: 100px !important;padding-bottom: 100px !important;}&#8221;][iconbox_top_noborder icon=&#8221;play&#8221; alignment=&#8221;center_alignment&#8221;][\/vc_column][vc_column width=&#8221;1\/6&#8243;][\/vc_column][\/vc_row][vc_row gap=&#8221;10&#8243; type=&#8221;full_width&#8221; el_class=&#8221;shadow-text&#8221; row_padding_bottom=&#8221;10&#8243; row_padding_top=&#8221;10&#8243; row_padding_right=&#8221;5&#8243; row_padding_left=&#8221;5&#8243;][vc_column width=&#8221;1\/2&#8243;][banner image_url=&#8221;13644&#8243; title=&#8221;Built Tough&#8221;][\/vc_column][vc_column width=&#8221;1\/2&#8243;][banner image_url=&#8221;13673&#8243; title=&#8221;Travel Smart&#8221; subtitle=&#8221;with Suitcase strap and anti theft pocket for valuables&#8221;][\/vc_column][\/vc_row][vc_row equal_height=&#8221;true&#8221; gap=&#8221;10&#8243; type=&#8221;full_width&#8221; row_padding_bottom=&#8221;10&#8243; row_padding_right=&#8221;5&#8243; row_padding_left=&#8221;5&#8243;][vc_column width=&#8221;1\/3&#8243; vertical_position=&#8221;middle&#8221; css=&#8221;.vc_custom_1547996782868{padding-right: 50px !important;padding-left: 50px !important;}&#8221;][vc_column_text]\n<h3>Style meets Craftsmanship<\/h3>\n<p>Outstanding craftsmanship and quality combined with rich features.<\/p>\n[\/vc_column_text][\/vc_column][vc_column width=&#8221;2\/3&#8243;][image_carousel visible_items=&#8221;2&#8243; images=&#8221;13640,13642,13644,13646,13648,13650,13656,13634,13670&#8243; zoom=&#8221;yes&#8221;][\/vc_column][\/vc_row]\n","protected":false},"excerpt":{"rendered":"<p>Der legere Rucksack hat einen modernen Touch mit der Krimcode Smart Casual Rucksackvariante, die mit doppelten Frontrei\u00dfverschl\u00fcssen ausgestattet ist. Mit einer eleganten und schlichten \u00c4sthetik, die durch mehrere F\u00e4cher betont wird, verleiht dieser Rucksack dem Stil volle Funktionsf\u00e4higkeit. Sein edles und zeitgem\u00e4\u00dfes Design macht ihn zu einem atemberaubenden Business-Casual-Rucksack f\u00fcr alle ambitionierten Gesch\u00e4ftsleute.<\/p>\n<p>Dieser Rucksack besitzt drei Bereiche mit mehreren Innenf\u00e4chern zur einfacheren Organisation. Die beiden \u00e4u\u00dferen Bereiche verf\u00fcgen \u00fcber mehrere F\u00e4cher, in denen weitere Gegenst\u00e4nde sicher verstaut werden k\u00f6nnen. Schnallen auf jeder Seite des Rucksacks halten diese \u00d6ffnungen sicher und erm\u00f6glichen ein gleichzeitiges \u00d6ffnen mehrerer F\u00e4cher. Die Tasche geh\u00f6rt zur Standardausstattung aller eleganten Freizeitrucks\u00e4cke, die gleichzeitig \u00fcber einen stabilen Boden, eine durch die R\u00fcckenpolsterung versteckte Tasche, einen \u00e4u\u00dferst verstellbaren Brustgurt sowohl einen optionalen USB- als auch Kopfh\u00f6reranschluss verf\u00fcgt.<\/p>\n","protected":false},"featured_media":14564,"template":"","meta":[],"product_cat":[406],"product_tag":[],"yoast_head":"<!-- This site is optimized with the Yoast SEO plugin v19.13 - https:\/\/yoast.com\/wordpress\/plugins\/seo\/ -->\n<title>Krimcode Smart Casual Backpack | Double Front Zipper &mdash; Krimcode<\/title>\n<meta name=\"description\" content=\"Der Krimcode Double Front Zipper Smart Casual Backpack verleiht dem raffinierten Look den letzten Schliff. Dieser l\u00e4ssige Rucksack besitzt mehrere F\u00e4cher f\u00fcr Ihre Alltagsgegenst\u00e4nde.\" \/>\n<meta name=\"robots\" content=\"index, follow, max-snippet:-1, max-image-preview:large, max-video-preview:-1\" \/>\n<link rel=\"canonical\" href=\"https:\/\/www.krimcode.com\/de\/shop\/smart-casual-de\/krimcode-smart-casual-notebook-backpack-8-black\/\" \/>\n<meta property=\"og:locale\" content=\"de_DE\" \/>\n<meta property=\"og:type\" content=\"article\" \/>\n<meta property=\"og:title\" content=\"Krimcode Smart Casual Backpack | Double Front Zipper &mdash; Krimcode\" \/>\n<meta property=\"og:description\" content=\"Der Krimcode Double Front Zipper Smart Casual Backpack verleiht dem raffinierten Look den letzten Schliff. Dieser l\u00e4ssige Rucksack besitzt mehrere F\u00e4cher f\u00fcr Ihre Alltagsgegenst\u00e4nde.\" \/>\n<meta property=\"og:url\" content=\"https:\/\/www.krimcode.com\/de\/shop\/smart-casual-de\/krimcode-smart-casual-notebook-backpack-8-black\/\" \/>\n<meta property=\"og:site_name\" content=\"Krimcode\" \/>\n<meta property=\"article:modified_time\" content=\"2021-04-20T02:16:50+00:00\" \/>\n<meta property=\"og:image\" content=\"https:\/\/www.krimcode.com\/wp-content\/uploads\/2018\/11\/Krimcode-Business-Formal-Notebook-Backpack-KSCB08-1U0SM-perspective.jpg\" \/>\n\t<meta property=\"og:image:width\" content=\"1500\" \/>\n\t<meta property=\"og:image:height\" content=\"1800\" \/>\n\t<meta property=\"og:image:type\" content=\"image\/jpeg\" \/>\n<meta name=\"twitter:card\" content=\"summary_large_image\" \/>\n<meta name=\"twitter:label1\" content=\"Gesch\u00e4tzte Lesezeit\" \/>\n\t<meta name=\"twitter:data1\" content=\"1\u00a0Minute\" \/>\n<script type=\"application\/ld+json\" class=\"yoast-schema-graph\">{\"@context\":\"https:\/\/schema.org\",\"@graph\":[{\"@type\":\"WebPage\",\"@id\":\"https:\/\/www.krimcode.com\/de\/shop\/smart-casual-de\/krimcode-smart-casual-notebook-backpack-8-black\/\",\"url\":\"https:\/\/www.krimcode.com\/de\/shop\/smart-casual-de\/krimcode-smart-casual-notebook-backpack-8-black\/\",\"name\":\"Krimcode Smart Casual Backpack | Double Front Zipper &mdash; Krimcode\",\"isPartOf\":{\"@id\":\"https:\/\/www.krimcode.com\/#website\"},\"datePublished\":\"2018-11-30T01:15:38+00:00\",\"dateModified\":\"2021-04-20T02:16:50+00:00\",\"description\":\"Der Krimcode Double Front Zipper Smart Casual Backpack verleiht dem raffinierten Look den letzten Schliff. Dieser l\u00e4ssige Rucksack besitzt mehrere F\u00e4cher f\u00fcr Ihre Alltagsgegenst\u00e4nde.\",\"breadcrumb\":{\"@id\":\"https:\/\/www.krimcode.com\/de\/shop\/smart-casual-de\/krimcode-smart-casual-notebook-backpack-8-black\/#breadcrumb\"},\"inLanguage\":\"de\",\"potentialAction\":[{\"@type\":\"ReadAction\",\"target\":[\"https:\/\/www.krimcode.com\/de\/shop\/smart-casual-de\/krimcode-smart-casual-notebook-backpack-8-black\/\"]}]},{\"@type\":\"BreadcrumbList\",\"@id\":\"https:\/\/www.krimcode.com\/de\/shop\/smart-casual-de\/krimcode-smart-casual-notebook-backpack-8-black\/#breadcrumb\",\"itemListElement\":[{\"@type\":\"ListItem\",\"position\":1,\"name\":\"Home\",\"item\":\"https:\/\/www.krimcode.com\/de\/\"},{\"@type\":\"ListItem\",\"position\":2,\"name\":\"Shop\",\"item\":\"https:\/\/www.krimcode.com\/de\/shop\/\"},{\"@type\":\"ListItem\",\"position\":3,\"name\":\"Krimcode Smart Casual Backpack\"}]},{\"@type\":\"WebSite\",\"@id\":\"https:\/\/www.krimcode.com\/#website\",\"url\":\"https:\/\/www.krimcode.com\/\",\"name\":\"Krimcode\",\"description\":\"Lifestyle backpacks and duffel bags\",\"potentialAction\":[{\"@type\":\"SearchAction\",\"target\":{\"@type\":\"EntryPoint\",\"urlTemplate\":\"https:\/\/www.krimcode.com\/?s={search_term_string}\"},\"query-input\":\"required name=search_term_string\"}],\"inLanguage\":\"de\"}]}<\/script>\n<!-- \/ Yoast SEO plugin. -->","yoast_head_json":{"title":"Krimcode Smart Casual Backpack | Double Front Zipper &mdash; Krimcode","description":"Der Krimcode Double Front Zipper Smart Casual Backpack verleiht dem raffinierten Look den letzten Schliff. Dieser l\u00e4ssige Rucksack besitzt mehrere F\u00e4cher f\u00fcr Ihre Alltagsgegenst\u00e4nde.","robots":{"index":"index","follow":"follow","max-snippet":"max-snippet:-1","max-image-preview":"max-image-preview:large","max-video-preview":"max-video-preview:-1"},"canonical":"https:\/\/www.krimcode.com\/de\/shop\/smart-casual-de\/krimcode-smart-casual-notebook-backpack-8-black\/","og_locale":"de_DE","og_type":"article","og_title":"Krimcode Smart Casual Backpack | Double Front Zipper &mdash; Krimcode","og_description":"Der Krimcode Double Front Zipper Smart Casual Backpack verleiht dem raffinierten Look den letzten Schliff. Dieser l\u00e4ssige Rucksack besitzt mehrere F\u00e4cher f\u00fcr Ihre Alltagsgegenst\u00e4nde.","og_url":"https:\/\/www.krimcode.com\/de\/shop\/smart-casual-de\/krimcode-smart-casual-notebook-backpack-8-black\/","og_site_name":"Krimcode","article_modified_time":"2021-04-20T02:16:50+00:00","og_image":[{"width":1500,"height":1800,"url":"https:\/\/www.krimcode.com\/wp-content\/uploads\/2018\/11\/Krimcode-Business-Formal-Notebook-Backpack-KSCB08-1U0SM-perspective.jpg","type":"image\/jpeg"}],"twitter_card":"summary_large_image","twitter_misc":{"Gesch\u00e4tzte Lesezeit":"1\u00a0Minute"},"schema":{"@context":"https:\/\/schema.org","@graph":[{"@type":"WebPage","@id":"https:\/\/www.krimcode.com\/de\/shop\/smart-casual-de\/krimcode-smart-casual-notebook-backpack-8-black\/","url":"https:\/\/www.krimcode.com\/de\/shop\/smart-casual-de\/krimcode-smart-casual-notebook-backpack-8-black\/","name":"Krimcode Smart Casual Backpack | Double Front Zipper &mdash; Krimcode","isPartOf":{"@id":"https:\/\/www.krimcode.com\/#website"},"datePublished":"2018-11-30T01:15:38+00:00","dateModified":"2021-04-20T02:16:50+00:00","description":"Der Krimcode Double Front Zipper Smart Casual Backpack verleiht dem raffinierten Look den letzten Schliff. Dieser l\u00e4ssige Rucksack besitzt mehrere F\u00e4cher f\u00fcr Ihre Alltagsgegenst\u00e4nde.","breadcrumb":{"@id":"https:\/\/www.krimcode.com\/de\/shop\/smart-casual-de\/krimcode-smart-casual-notebook-backpack-8-black\/#breadcrumb"},"inLanguage":"de","potentialAction":[{"@type":"ReadAction","target":["https:\/\/www.krimcode.com\/de\/shop\/smart-casual-de\/krimcode-smart-casual-notebook-backpack-8-black\/"]}]},{"@type":"BreadcrumbList","@id":"https:\/\/www.krimcode.com\/de\/shop\/smart-casual-de\/krimcode-smart-casual-notebook-backpack-8-black\/#breadcrumb","itemListElement":[{"@type":"ListItem","position":1,"name":"Home","item":"https:\/\/www.krimcode.com\/de\/"},{"@type":"ListItem","position":2,"name":"Shop","item":"https:\/\/www.krimcode.com\/de\/shop\/"},{"@type":"ListItem","position":3,"name":"Krimcode Smart Casual Backpack"}]},{"@type":"WebSite","@id":"https:\/\/www.krimcode.com\/#website","url":"https:\/\/www.krimcode.com\/","name":"Krimcode","description":"Lifestyle backpacks and duffel bags","potentialAction":[{"@type":"SearchAction","target":{"@type":"EntryPoint","urlTemplate":"https:\/\/www.krimcode.com\/?s={search_term_string}"},"query-input":"required name=search_term_string"}],"inLanguage":"de"}]}},"_links":{"self":[{"href":"https:\/\/www.krimcode.com\/de\/wp-json\/wp\/v2\/product\/14808"}],"collection":[{"href":"https:\/\/www.krimcode.com\/de\/wp-json\/wp\/v2\/product"}],"about":[{"href":"https:\/\/www.krimcode.com\/de\/wp-json\/wp\/v2\/types\/product"}],"wp:featuredmedia":[{"embeddable":true,"href":"https:\/\/www.krimcode.com\/de\/wp-json\/wp\/v2\/media\/14564"}],"wp:attachment":[{"href":"https:\/\/www.krimcode.com\/de\/wp-json\/wp\/v2\/media?parent=14808"}],"wp:term":[{"taxonomy":"product_cat","embeddable":true,"href":"https:\/\/www.krimcode.com\/de\/wp-json\/wp\/v2\/product_cat?post=14808"},{"taxonomy":"product_tag","embeddable":true,"href":"https:\/\/www.krimcode.com\/de\/wp-json\/wp\/v2\/product_tag?post=14808"}],"curies":[{"name":"wp","href":"https:\/\/api.w.org\/{rel}","templated":true}]}}