{"id":14811,"date":"2018-11-29T08:58:36","date_gmt":"2018-11-29T08:58:36","guid":{"rendered":"https:\/\/www.krimcode.com\/shop\/unkategorisiert\/krimcode-smart-casual-notebook-backpack-3-black\/"},"modified":"2021-04-20T02:07:59","modified_gmt":"2021-04-20T02:07:59","slug":"krimcode-smart-casual-notebook-backpack-3-black","status":"publish","type":"product","link":"https:\/\/www.krimcode.com\/de\/shop\/smart-casual-de\/krimcode-smart-casual-notebook-backpack-3-black\/","title":{"rendered":"Krimcode Smart Casual Backpack"},"content":{"rendered":"","protected":false},"excerpt":{"rendered":"<p>Kombinieren Sie leger und stilvoll mit der Krimcode Smart Casual Rucksackvariante, die mit kr\u00e4ftigen roten Streifen am Schulterriemen versehen ist. Dieser elegante, schwarze, legere Rucksack ist aufwendig zu einem quasi formalen Rucksack verarbeitet. Zu seinen herausragenden Designmerkmalen geh\u00f6ren die markanten roten Streifen, die den verst\u00e4rkten Schulterriemen erg\u00e4nzen. Ein glatter roter Stoff s\u00e4umt die Innenseite des Rucksacks im Kontrast zu seiner dunklen Au\u00dfenseite.<\/p>\n<p><span style=\"vertical-align: inherit\"><span style=\"vertical-align: inherit\">This casual backpack has several pockets with three compartments and an outside compartment. <\/span><span style=\"vertical-align: inherit\">The innermost compartment stows electronic devices such as laptops and tablets and leaves enough space for other important things. <\/span><span style=\"vertical-align: inherit\">The outer areas have compartments for items like pens and stationery that help with organization and are suitable for the travel enthusiast or university student. <\/span><span style=\"vertical-align: inherit\">Like all smart-casual backpack models, this one also has an adjustable chest strap, a particularly robust and stable base, an optional USB charging connection and a connection for headphones, as well as an additional compartment with back padding.<\/span><\/span><\/p>\n","protected":false},"featured_media":14544,"template":"","meta":[],"product_cat":[406],"product_tag":[],"yoast_head":"<!-- This site is optimized with the Yoast SEO plugin v19.13 - https:\/\/yoast.com\/wordpress\/plugins\/seo\/ -->\n<title>Krimcode Smart Casual Backpack | Red-Accent Straps &mdash; Krimcode<\/title>\n<meta name=\"description\" content=\"Der Krimcode Red-Lined Strap Smart Casual Backpack kombiniert modernes Design mit Statement-Schulterriemen. Der legere Rucksack vervollst\u00e4ndigt einen sauberen Look und Stil.\" \/>\n<meta name=\"robots\" content=\"index, follow, max-snippet:-1, max-image-preview:large, max-video-preview:-1\" \/>\n<link rel=\"canonical\" href=\"https:\/\/www.krimcode.com\/de\/shop\/smart-casual-de\/krimcode-smart-casual-notebook-backpack-3-black\/\" \/>\n<meta property=\"og:locale\" content=\"de_DE\" \/>\n<meta property=\"og:type\" content=\"article\" \/>\n<meta property=\"og:title\" content=\"Krimcode Smart Casual Backpack | Red-Accent Straps &mdash; Krimcode\" \/>\n<meta property=\"og:description\" content=\"Der Krimcode Red-Lined Strap Smart Casual Backpack kombiniert modernes Design mit Statement-Schulterriemen. Der legere Rucksack vervollst\u00e4ndigt einen sauberen Look und Stil.\" \/>\n<meta property=\"og:url\" content=\"https:\/\/www.krimcode.com\/de\/shop\/smart-casual-de\/krimcode-smart-casual-notebook-backpack-3-black\/\" \/>\n<meta property=\"og:site_name\" content=\"Krimcode\" \/>\n<meta property=\"article:modified_time\" content=\"2021-04-20T02:07:59+00:00\" \/>\n<meta property=\"og:image\" content=\"https:\/\/www.krimcode.com\/wp-content\/uploads\/2018\/11\/Krimcode-Business-Formal-Notebook-Backpack-KSCB03-1U0SM-perspective.jpg\" \/>\n\t<meta property=\"og:image:width\" content=\"1500\" \/>\n\t<meta property=\"og:image:height\" content=\"1800\" \/>\n\t<meta property=\"og:image:type\" content=\"image\/jpeg\" \/>\n<meta name=\"twitter:card\" content=\"summary_large_image\" \/>\n<script type=\"application\/ld+json\" class=\"yoast-schema-graph\">{\"@context\":\"https:\/\/schema.org\",\"@graph\":[{\"@type\":\"WebPage\",\"@id\":\"https:\/\/www.krimcode.com\/de\/shop\/smart-casual-de\/krimcode-smart-casual-notebook-backpack-3-black\/\",\"url\":\"https:\/\/www.krimcode.com\/de\/shop\/smart-casual-de\/krimcode-smart-casual-notebook-backpack-3-black\/\",\"name\":\"Krimcode Smart Casual Backpack | Red-Accent Straps &mdash; Krimcode\",\"isPartOf\":{\"@id\":\"https:\/\/www.krimcode.com\/#website\"},\"datePublished\":\"2018-11-29T08:58:36+00:00\",\"dateModified\":\"2021-04-20T02:07:59+00:00\",\"description\":\"Der Krimcode Red-Lined Strap Smart Casual Backpack kombiniert modernes Design mit Statement-Schulterriemen. Der legere Rucksack vervollst\u00e4ndigt einen sauberen Look und Stil.\",\"breadcrumb\":{\"@id\":\"https:\/\/www.krimcode.com\/de\/shop\/smart-casual-de\/krimcode-smart-casual-notebook-backpack-3-black\/#breadcrumb\"},\"inLanguage\":\"de\",\"potentialAction\":[{\"@type\":\"ReadAction\",\"target\":[\"https:\/\/www.krimcode.com\/de\/shop\/smart-casual-de\/krimcode-smart-casual-notebook-backpack-3-black\/\"]}]},{\"@type\":\"BreadcrumbList\",\"@id\":\"https:\/\/www.krimcode.com\/de\/shop\/smart-casual-de\/krimcode-smart-casual-notebook-backpack-3-black\/#breadcrumb\",\"itemListElement\":[{\"@type\":\"ListItem\",\"position\":1,\"name\":\"Home\",\"item\":\"https:\/\/www.krimcode.com\/de\/\"},{\"@type\":\"ListItem\",\"position\":2,\"name\":\"Shop\",\"item\":\"https:\/\/www.krimcode.com\/de\/shop\/\"},{\"@type\":\"ListItem\",\"position\":3,\"name\":\"Krimcode Smart Casual Backpack\"}]},{\"@type\":\"WebSite\",\"@id\":\"https:\/\/www.krimcode.com\/#website\",\"url\":\"https:\/\/www.krimcode.com\/\",\"name\":\"Krimcode\",\"description\":\"Lifestyle backpacks and duffel bags\",\"potentialAction\":[{\"@type\":\"SearchAction\",\"target\":{\"@type\":\"EntryPoint\",\"urlTemplate\":\"https:\/\/www.krimcode.com\/?s={search_term_string}\"},\"query-input\":\"required name=search_term_string\"}],\"inLanguage\":\"de\"}]}<\/script>\n<!-- \/ Yoast SEO plugin. -->","yoast_head_json":{"title":"Krimcode Smart Casual Backpack | Red-Accent Straps &mdash; Krimcode","description":"Der Krimcode Red-Lined Strap Smart Casual Backpack kombiniert modernes Design mit Statement-Schulterriemen. Der legere Rucksack vervollst\u00e4ndigt einen sauberen Look und Stil.","robots":{"index":"index","follow":"follow","max-snippet":"max-snippet:-1","max-image-preview":"max-image-preview:large","max-video-preview":"max-video-preview:-1"},"canonical":"https:\/\/www.krimcode.com\/de\/shop\/smart-casual-de\/krimcode-smart-casual-notebook-backpack-3-black\/","og_locale":"de_DE","og_type":"article","og_title":"Krimcode Smart Casual Backpack | Red-Accent Straps &mdash; Krimcode","og_description":"Der Krimcode Red-Lined Strap Smart Casual Backpack kombiniert modernes Design mit Statement-Schulterriemen. Der legere Rucksack vervollst\u00e4ndigt einen sauberen Look und Stil.","og_url":"https:\/\/www.krimcode.com\/de\/shop\/smart-casual-de\/krimcode-smart-casual-notebook-backpack-3-black\/","og_site_name":"Krimcode","article_modified_time":"2021-04-20T02:07:59+00:00","og_image":[{"width":1500,"height":1800,"url":"https:\/\/www.krimcode.com\/wp-content\/uploads\/2018\/11\/Krimcode-Business-Formal-Notebook-Backpack-KSCB03-1U0SM-perspective.jpg","type":"image\/jpeg"}],"twitter_card":"summary_large_image","schema":{"@context":"https:\/\/schema.org","@graph":[{"@type":"WebPage","@id":"https:\/\/www.krimcode.com\/de\/shop\/smart-casual-de\/krimcode-smart-casual-notebook-backpack-3-black\/","url":"https:\/\/www.krimcode.com\/de\/shop\/smart-casual-de\/krimcode-smart-casual-notebook-backpack-3-black\/","name":"Krimcode Smart Casual Backpack | Red-Accent Straps &mdash; Krimcode","isPartOf":{"@id":"https:\/\/www.krimcode.com\/#website"},"datePublished":"2018-11-29T08:58:36+00:00","dateModified":"2021-04-20T02:07:59+00:00","description":"Der Krimcode Red-Lined Strap Smart Casual Backpack kombiniert modernes Design mit Statement-Schulterriemen. Der legere Rucksack vervollst\u00e4ndigt einen sauberen Look und Stil.","breadcrumb":{"@id":"https:\/\/www.krimcode.com\/de\/shop\/smart-casual-de\/krimcode-smart-casual-notebook-backpack-3-black\/#breadcrumb"},"inLanguage":"de","potentialAction":[{"@type":"ReadAction","target":["https:\/\/www.krimcode.com\/de\/shop\/smart-casual-de\/krimcode-smart-casual-notebook-backpack-3-black\/"]}]},{"@type":"BreadcrumbList","@id":"https:\/\/www.krimcode.com\/de\/shop\/smart-casual-de\/krimcode-smart-casual-notebook-backpack-3-black\/#breadcrumb","itemListElement":[{"@type":"ListItem","position":1,"name":"Home","item":"https:\/\/www.krimcode.com\/de\/"},{"@type":"ListItem","position":2,"name":"Shop","item":"https:\/\/www.krimcode.com\/de\/shop\/"},{"@type":"ListItem","position":3,"name":"Krimcode Smart Casual Backpack"}]},{"@type":"WebSite","@id":"https:\/\/www.krimcode.com\/#website","url":"https:\/\/www.krimcode.com\/","name":"Krimcode","description":"Lifestyle backpacks and duffel bags","potentialAction":[{"@type":"SearchAction","target":{"@type":"EntryPoint","urlTemplate":"https:\/\/www.krimcode.com\/?s={search_term_string}"},"query-input":"required name=search_term_string"}],"inLanguage":"de"}]}},"_links":{"self":[{"href":"https:\/\/www.krimcode.com\/de\/wp-json\/wp\/v2\/product\/14811"}],"collection":[{"href":"https:\/\/www.krimcode.com\/de\/wp-json\/wp\/v2\/product"}],"about":[{"href":"https:\/\/www.krimcode.com\/de\/wp-json\/wp\/v2\/types\/product"}],"wp:featuredmedia":[{"embeddable":true,"href":"https:\/\/www.krimcode.com\/de\/wp-json\/wp\/v2\/media\/14544"}],"wp:attachment":[{"href":"https:\/\/www.krimcode.com\/de\/wp-json\/wp\/v2\/media?parent=14811"}],"wp:term":[{"taxonomy":"product_cat","embeddable":true,"href":"https:\/\/www.krimcode.com\/de\/wp-json\/wp\/v2\/product_cat?post=14811"},{"taxonomy":"product_tag","embeddable":true,"href":"https:\/\/www.krimcode.com\/de\/wp-json\/wp\/v2\/product_tag?post=14811"}],"curies":[{"name":"wp","href":"https:\/\/api.w.org\/{rel}","templated":true}]}}