{"id":14814,"date":"2018-11-29T09:00:55","date_gmt":"2018-11-29T09:00:55","guid":{"rendered":"https:\/\/www.krimcode.com\/shop\/unkategorisiert\/krimcode-smart-casual-notebook-backpack-11-black\/"},"modified":"2021-04-20T02:14:24","modified_gmt":"2021-04-20T02:14:24","slug":"krimcode-smart-casual-notebook-backpack-11-black","status":"publish","type":"product","link":"https:\/\/www.krimcode.com\/de\/shop\/smart-casual-de\/krimcode-smart-casual-notebook-backpack-11-black\/","title":{"rendered":"Krimcode Smart Casual Backpack"},"content":{"rendered":"<p><span style=\"vertical-align: inherit\"><span style=\"vertical-align: inherit\">[vc_row gap = &#8220;zero&#8221; type = &#8220;full_width&#8221;] [vc_column] [vc_column_text] <\/span><\/span><img decoding=\"async\" class=\"aligncenter wp-image-14389 size-full\" src=\"https:\/\/www.krimcode.com\/wp-content\/uploads\/2019\/02\/Filter_Presets1.jpg\" alt=\"\" width=\"100%\" srcset=\"https:\/\/www.krimcode.com\/wp-content\/uploads\/2019\/02\/Filter_Presets1.jpg 1920w, https:\/\/www.krimcode.com\/wp-content\/uploads\/2019\/02\/Filter_Presets1-300x200.jpg 300w, https:\/\/www.krimcode.com\/wp-content\/uploads\/2019\/02\/Filter_Presets1-768x513.jpg 768w, https:\/\/www.krimcode.com\/wp-content\/uploads\/2019\/02\/Filter_Presets1-1024x684.jpg 1024w, https:\/\/www.krimcode.com\/wp-content\/uploads\/2019\/02\/Filter_Presets1-400x267.jpg 400w, https:\/\/www.krimcode.com\/wp-content\/uploads\/2019\/02\/Filter_Presets1-600x401.jpg 600w\" sizes=\"(max-width: 1920px) 100vw, 1920px\" \/><span style=\"vertical-align: inherit\"><span style=\"vertical-align: inherit\">[\/ vc_column_text] [\/ vc_column] [\/ vc_row] [vc_row equal_height = &#8220;true&#8221; row_padding_top = &#8220;100&#8221; row_padding_bottom = &#8220;100&#8221;] [ vc_column width = &#8220;1\/3&#8221; vertical_position = &#8220;middle&#8221;] [vc_column_text]<\/span><\/span><\/p>\n<h4><span style=\"color: #cc2222\"><span style=\"vertical-align: inherit\"><span style=\"vertical-align: inherit\">Smart and multifunctional<\/span><\/span><\/span><\/h4>\n<h6><span style=\"vertical-align: inherit\"><span style=\"vertical-align: inherit\">Krimcode&#8217;s Smart Casual Backpacks features a multi compartment organization with a rich feature set designed for optimal comfort on the go.<\/span><\/span><\/h6>\n<p><span style=\"vertical-align: inherit\"><span style=\"vertical-align: inherit\">[\/ vc_column_text] [\/ vc_column] [vc_column width = &#8220;2\/3&#8221;] [vc_column_text] <\/span><\/span><img decoding=\"async\" loading=\"lazy\" class=\"aligncenter wp-image-14349 size-large\" src=\"https:\/\/www.krimcode.com\/wp-content\/uploads\/2018\/11\/SC31-853x1024.jpg\" alt=\"\" width=\"427\" height=\"512\" \/><span style=\"vertical-align: inherit\"><span style=\"vertical-align: inherit\">[\/ vc_column_text] [\/ vc_column] [\/ vc_row] [vc_row gap = &#8220;10&#8221; type = &#8220;full_width&#8221; row_padding_bottom = &#8220;10&#8221; row_padding_right = &#8220;5&#8221; row_padding_left = &#8220;5&#8221;] [vc_column width = &#8220;1\/2&#8221;] [banner image_url = &#8220;13642&#8221; title = &#8220;Exquisite Craftmanship&#8221; subtitle = &#8220;From the extra durable bottom to gun metal zipper pullers&#8221;] [ \/ vc_column] [vc_column width = &#8220;1\/2&#8221;] [banner image_url = &#8220;13673&#8221; style = &#8220;style2&#8221; title = &#8220;Travel Light and Safe&#8221; subtitle = &#8220;Stack your Krimcode on a suitcase and store your valuables in the hidden safety pocket. &#8220;] [\/ vc_column] [\/ vc_row] [vc_row equal_height =&#8221; true &#8220;gap =&#8221; 20 &#8220;type =&#8221; full_width &#8220;row_padding_bottom = &#8220;10&#8221;] [vc_column width = &#8220;1\/3&#8221; vertical_position = &#8220;middle&#8221;] [vc_column_text css = &#8220;. vc_custom_1557756605029 {padding-right: 15%! important; padding-left: 25%! important;}&#8221;]<\/span><\/span><\/p>\n<h4><span style=\"color: #cc2222\"><span style=\"vertical-align: inherit\"><span style=\"vertical-align: inherit\">Great passion for details<\/span><\/span><\/span><\/h4>\n<h6><span style=\"vertical-align: inherit\"><span style=\"vertical-align: inherit\">Explore Krimcode&#8217;s unmistakable style and rich functionality.<\/span><\/span><\/h6>\n<p><span style=\"vertical-align: inherit\"><span style=\"vertical-align: inherit\">[\/ vc_column_text] [\/ vc_column] [vc_column width = &#8220;2\/3&#8221;] [image_carousel visible_items = &#8220;2&#8221; nav_style = &#8220;light&#8221; images = &#8220;13650,13648,13646,13652,13656,13668,13670,13642,13644 , 13640,13636,13634,13566 &#8220;image_size =&#8221; custom &#8220;image_size_width =&#8221; 600 &#8220;] [\/ vc_column] [\/ vc_row] [vc_row equal_height =&#8221; true &#8220;type =&#8221; full_width &#8220;background_color =&#8221; # f4f4f4 &#8220;row_padding_bottom =&#8221; 100 &#8220;] [vc_column vertical_position =&#8221; middle &#8220;] [animatedtext title =&#8221; Are you ready? &#8220;animatedtext_style =&#8221; text_only &#8220;title_back_color =&#8221; # cc2222 &#8220;]  [\/ vc_column] [\/ vc_row]<\/span><\/span><\/p>\n","protected":false},"excerpt":{"rendered":"<p>Setzen Sie ein Zeichen mit diesem Krimcode Smart Casual Rucksack. Der Lederstreifen, gepr\u00e4gt mit einem dezenten Logo, verleiht dieser Variante einen speziellen Charakter. Dieser legere Rucksack bietet ein auff\u00e4lliges Design dank des aufwendig gestalteten und gepr\u00e4gten Logos, welches durch zwei Seitenriemen mit dezenten roten Streifen erg\u00e4nzt wird.<\/p>\n<p><span style=\"vertical-align: inherit\"><span style=\"vertical-align: inherit\"><span style=\"vertical-align: inherit\"><span style=\"vertical-align: inherit\">The two side straps can be fastened together to hold the three compartments upright while opening them at the same time. <\/span><\/span><\/span><span style=\"vertical-align: inherit\"><span style=\"vertical-align: inherit\"><span style=\"vertical-align: inherit\">Each compartment is equipped with specially designed compartments in which devices such as laptops and tablets can be safely stowed. <\/span><\/span><\/span><span style=\"vertical-align: inherit\"><span style=\"vertical-align: inherit\"><span style=\"vertical-align: inherit\">Additional pockets line the inner compartments for stationery such as pens and a key holder. <\/span><\/span><\/span><span style=\"vertical-align: inherit\"><span style=\"vertical-align: inherit\"><span style=\"vertical-align: inherit\">These can be found in all Smart Casual backpacks, and it also has a sturdy base, an optional USB and headphone slot, an anti-theft pocket in the back padding and an adjustable chest strap.<\/span><\/span><\/span><\/span><\/p>\n","protected":false},"featured_media":14566,"template":"","meta":[],"product_cat":[406],"product_tag":[],"yoast_head":"<!-- This site is optimized with the Yoast SEO plugin v19.13 - https:\/\/yoast.com\/wordpress\/plugins\/seo\/ -->\n<title>Krimcode Smart Casual Backpack | Leather Logo &mdash; Krimcode<\/title>\n<meta name=\"description\" content=\"Der Krimcode Logo Pattern Smart Casual Backpack ist ein Statement f\u00fcr legere Mode. Dieser Rucksack hinterl\u00e4sst einen starken Eindruck.\" \/>\n<meta name=\"robots\" content=\"index, follow, max-snippet:-1, max-image-preview:large, max-video-preview:-1\" \/>\n<link rel=\"canonical\" href=\"https:\/\/www.krimcode.com\/de\/shop\/smart-casual-de\/krimcode-smart-casual-notebook-backpack-11-black\/\" \/>\n<meta property=\"og:locale\" content=\"de_DE\" \/>\n<meta property=\"og:type\" content=\"article\" \/>\n<meta property=\"og:title\" content=\"Krimcode Smart Casual Backpack | Leather Logo &mdash; Krimcode\" \/>\n<meta property=\"og:description\" content=\"Der Krimcode Logo Pattern Smart Casual Backpack ist ein Statement f\u00fcr legere Mode. Dieser Rucksack hinterl\u00e4sst einen starken Eindruck.\" \/>\n<meta property=\"og:url\" content=\"https:\/\/www.krimcode.com\/de\/shop\/smart-casual-de\/krimcode-smart-casual-notebook-backpack-11-black\/\" \/>\n<meta property=\"og:site_name\" content=\"Krimcode\" \/>\n<meta property=\"article:modified_time\" content=\"2021-04-20T02:14:24+00:00\" \/>\n<meta property=\"og:image\" content=\"https:\/\/www.krimcode.com\/wp-content\/uploads\/2018\/11\/Krimcode-Business-Formal-Notebook-Backpack-KSCB11-1U0SM-perspective.jpg\" \/>\n\t<meta property=\"og:image:width\" content=\"1500\" \/>\n\t<meta property=\"og:image:height\" content=\"1800\" \/>\n\t<meta property=\"og:image:type\" content=\"image\/jpeg\" \/>\n<meta name=\"twitter:card\" content=\"summary_large_image\" \/>\n<meta name=\"twitter:label1\" content=\"Gesch\u00e4tzte Lesezeit\" \/>\n\t<meta name=\"twitter:data1\" content=\"1\u00a0Minute\" \/>\n<script type=\"application\/ld+json\" class=\"yoast-schema-graph\">{\"@context\":\"https:\/\/schema.org\",\"@graph\":[{\"@type\":\"WebPage\",\"@id\":\"https:\/\/www.krimcode.com\/de\/shop\/smart-casual-de\/krimcode-smart-casual-notebook-backpack-11-black\/\",\"url\":\"https:\/\/www.krimcode.com\/de\/shop\/smart-casual-de\/krimcode-smart-casual-notebook-backpack-11-black\/\",\"name\":\"Krimcode Smart Casual Backpack | Leather Logo &mdash; Krimcode\",\"isPartOf\":{\"@id\":\"https:\/\/www.krimcode.com\/#website\"},\"datePublished\":\"2018-11-29T09:00:55+00:00\",\"dateModified\":\"2021-04-20T02:14:24+00:00\",\"description\":\"Der Krimcode Logo Pattern Smart Casual Backpack ist ein Statement f\u00fcr legere Mode. Dieser Rucksack hinterl\u00e4sst einen starken Eindruck.\",\"breadcrumb\":{\"@id\":\"https:\/\/www.krimcode.com\/de\/shop\/smart-casual-de\/krimcode-smart-casual-notebook-backpack-11-black\/#breadcrumb\"},\"inLanguage\":\"de\",\"potentialAction\":[{\"@type\":\"ReadAction\",\"target\":[\"https:\/\/www.krimcode.com\/de\/shop\/smart-casual-de\/krimcode-smart-casual-notebook-backpack-11-black\/\"]}]},{\"@type\":\"BreadcrumbList\",\"@id\":\"https:\/\/www.krimcode.com\/de\/shop\/smart-casual-de\/krimcode-smart-casual-notebook-backpack-11-black\/#breadcrumb\",\"itemListElement\":[{\"@type\":\"ListItem\",\"position\":1,\"name\":\"Home\",\"item\":\"https:\/\/www.krimcode.com\/de\/\"},{\"@type\":\"ListItem\",\"position\":2,\"name\":\"Shop\",\"item\":\"https:\/\/www.krimcode.com\/de\/shop\/\"},{\"@type\":\"ListItem\",\"position\":3,\"name\":\"Krimcode Smart Casual Backpack\"}]},{\"@type\":\"WebSite\",\"@id\":\"https:\/\/www.krimcode.com\/#website\",\"url\":\"https:\/\/www.krimcode.com\/\",\"name\":\"Krimcode\",\"description\":\"Lifestyle backpacks and duffel bags\",\"potentialAction\":[{\"@type\":\"SearchAction\",\"target\":{\"@type\":\"EntryPoint\",\"urlTemplate\":\"https:\/\/www.krimcode.com\/?s={search_term_string}\"},\"query-input\":\"required name=search_term_string\"}],\"inLanguage\":\"de\"}]}<\/script>\n<!-- \/ Yoast SEO plugin. -->","yoast_head_json":{"title":"Krimcode Smart Casual Backpack | Leather Logo &mdash; Krimcode","description":"Der Krimcode Logo Pattern Smart Casual Backpack ist ein Statement f\u00fcr legere Mode. Dieser Rucksack hinterl\u00e4sst einen starken Eindruck.","robots":{"index":"index","follow":"follow","max-snippet":"max-snippet:-1","max-image-preview":"max-image-preview:large","max-video-preview":"max-video-preview:-1"},"canonical":"https:\/\/www.krimcode.com\/de\/shop\/smart-casual-de\/krimcode-smart-casual-notebook-backpack-11-black\/","og_locale":"de_DE","og_type":"article","og_title":"Krimcode Smart Casual Backpack | Leather Logo &mdash; Krimcode","og_description":"Der Krimcode Logo Pattern Smart Casual Backpack ist ein Statement f\u00fcr legere Mode. Dieser Rucksack hinterl\u00e4sst einen starken Eindruck.","og_url":"https:\/\/www.krimcode.com\/de\/shop\/smart-casual-de\/krimcode-smart-casual-notebook-backpack-11-black\/","og_site_name":"Krimcode","article_modified_time":"2021-04-20T02:14:24+00:00","og_image":[{"width":1500,"height":1800,"url":"https:\/\/www.krimcode.com\/wp-content\/uploads\/2018\/11\/Krimcode-Business-Formal-Notebook-Backpack-KSCB11-1U0SM-perspective.jpg","type":"image\/jpeg"}],"twitter_card":"summary_large_image","twitter_misc":{"Gesch\u00e4tzte Lesezeit":"1\u00a0Minute"},"schema":{"@context":"https:\/\/schema.org","@graph":[{"@type":"WebPage","@id":"https:\/\/www.krimcode.com\/de\/shop\/smart-casual-de\/krimcode-smart-casual-notebook-backpack-11-black\/","url":"https:\/\/www.krimcode.com\/de\/shop\/smart-casual-de\/krimcode-smart-casual-notebook-backpack-11-black\/","name":"Krimcode Smart Casual Backpack | Leather Logo &mdash; Krimcode","isPartOf":{"@id":"https:\/\/www.krimcode.com\/#website"},"datePublished":"2018-11-29T09:00:55+00:00","dateModified":"2021-04-20T02:14:24+00:00","description":"Der Krimcode Logo Pattern Smart Casual Backpack ist ein Statement f\u00fcr legere Mode. Dieser Rucksack hinterl\u00e4sst einen starken Eindruck.","breadcrumb":{"@id":"https:\/\/www.krimcode.com\/de\/shop\/smart-casual-de\/krimcode-smart-casual-notebook-backpack-11-black\/#breadcrumb"},"inLanguage":"de","potentialAction":[{"@type":"ReadAction","target":["https:\/\/www.krimcode.com\/de\/shop\/smart-casual-de\/krimcode-smart-casual-notebook-backpack-11-black\/"]}]},{"@type":"BreadcrumbList","@id":"https:\/\/www.krimcode.com\/de\/shop\/smart-casual-de\/krimcode-smart-casual-notebook-backpack-11-black\/#breadcrumb","itemListElement":[{"@type":"ListItem","position":1,"name":"Home","item":"https:\/\/www.krimcode.com\/de\/"},{"@type":"ListItem","position":2,"name":"Shop","item":"https:\/\/www.krimcode.com\/de\/shop\/"},{"@type":"ListItem","position":3,"name":"Krimcode Smart Casual Backpack"}]},{"@type":"WebSite","@id":"https:\/\/www.krimcode.com\/#website","url":"https:\/\/www.krimcode.com\/","name":"Krimcode","description":"Lifestyle backpacks and duffel bags","potentialAction":[{"@type":"SearchAction","target":{"@type":"EntryPoint","urlTemplate":"https:\/\/www.krimcode.com\/?s={search_term_string}"},"query-input":"required name=search_term_string"}],"inLanguage":"de"}]}},"_links":{"self":[{"href":"https:\/\/www.krimcode.com\/de\/wp-json\/wp\/v2\/product\/14814"}],"collection":[{"href":"https:\/\/www.krimcode.com\/de\/wp-json\/wp\/v2\/product"}],"about":[{"href":"https:\/\/www.krimcode.com\/de\/wp-json\/wp\/v2\/types\/product"}],"wp:featuredmedia":[{"embeddable":true,"href":"https:\/\/www.krimcode.com\/de\/wp-json\/wp\/v2\/media\/14566"}],"wp:attachment":[{"href":"https:\/\/www.krimcode.com\/de\/wp-json\/wp\/v2\/media?parent=14814"}],"wp:term":[{"taxonomy":"product_cat","embeddable":true,"href":"https:\/\/www.krimcode.com\/de\/wp-json\/wp\/v2\/product_cat?post=14814"},{"taxonomy":"product_tag","embeddable":true,"href":"https:\/\/www.krimcode.com\/de\/wp-json\/wp\/v2\/product_tag?post=14814"}],"curies":[{"name":"wp","href":"https:\/\/api.w.org\/{rel}","templated":true}]}}