{"id":14818,"date":"2018-11-29T08:54:06","date_gmt":"2018-11-29T08:54:06","guid":{"rendered":"https:\/\/www.krimcode.com\/shop\/unkategorisiert\/krimcode-sport-attire-duffel-bag-2-black\/"},"modified":"2020-10-05T05:21:44","modified_gmt":"2020-10-05T05:21:44","slug":"krimcode-sport-attire-duffel-bag-2-black","status":"publish","type":"product","link":"https:\/\/www.krimcode.com\/de\/shop\/sport-attire-de\/krimcode-sport-attire-duffel-bag-2-black\/","title":{"rendered":"Krimcode Sport Attire Duffel Bag"},"content":{"rendered":"","protected":false},"excerpt":{"rendered":"<p>Der Krimcode Sports Attire Duffel Bag 2 unterstreicht ihren sportlichen Stil im Fitnessstudio oder beim Sport. Mit seiner klassischen \u00c4sthetik einer Sporttasche und dem schlichten \u00c4u\u00dferen ist er der perfekte Begleiter eines Athleten und f\u00fcr die Freizeit.<\/p>\n<p>Die Tasche bietet eine Auswahl an drei verschiedene Tragweisen. Sie kann in der Hand gehalten, \u00fcber die Schulter geh\u00e4ngt oder wie ein Rucksack getragen werden. Die Au\u00dfenseite besteht aus wasserabweisenden K-Tech, damit Ihre Gegenst\u00e4nde im Inneren sicher und trocken aufbewahrt werden k\u00f6nnen. Ein separates Fach mit Bel\u00fcftung wurde f\u00fcr die Aufbewahrung von Schuhen und getragener Kleidung ausgelegt, um zu verhindern, dass sie mit sauberen Gegenst\u00e4nden in Ber\u00fchrung kommen.<\/p>\n","protected":false},"featured_media":14610,"template":"","meta":[],"product_cat":[411],"product_tag":[],"yoast_head":"<!-- This site is optimized with the Yoast SEO plugin v19.13 - https:\/\/yoast.com\/wordpress\/plugins\/seo\/ -->\n<title>Krimcode Sport Attire Duffel Bag &mdash; Krimcode<\/title>\n<meta name=\"description\" content=\"Die Krimcode Sport Attire Black 2 Duffel Bag ist eine raffinierte Sporttasche, der als Rucksack und Umh\u00e4ngetasche mit einem abnehmbaren Trageband getragen werden kann.\" \/>\n<meta name=\"robots\" content=\"index, follow, max-snippet:-1, max-image-preview:large, max-video-preview:-1\" \/>\n<link rel=\"canonical\" href=\"https:\/\/www.krimcode.com\/de\/shop\/sport-attire-de\/krimcode-sport-attire-duffel-bag-2-black\/\" \/>\n<meta property=\"og:locale\" content=\"de_DE\" \/>\n<meta property=\"og:type\" content=\"article\" \/>\n<meta property=\"og:title\" content=\"Krimcode Sport Attire Duffel Bag &mdash; Krimcode\" \/>\n<meta property=\"og:description\" content=\"Die Krimcode Sport Attire Black 2 Duffel Bag ist eine raffinierte Sporttasche, der als Rucksack und Umh\u00e4ngetasche mit einem abnehmbaren Trageband getragen werden kann.\" \/>\n<meta property=\"og:url\" content=\"https:\/\/www.krimcode.com\/de\/shop\/sport-attire-de\/krimcode-sport-attire-duffel-bag-2-black\/\" \/>\n<meta property=\"og:site_name\" content=\"Krimcode\" \/>\n<meta property=\"article:modified_time\" content=\"2020-10-05T05:21:44+00:00\" \/>\n<meta property=\"og:image\" content=\"https:\/\/www.krimcode.com\/wp-content\/uploads\/2018\/11\/Krimcode-Sport-Attire-Duffle-Bag-KSTL02-1N0SM-perspective.jpg\" \/>\n\t<meta property=\"og:image:width\" content=\"1500\" \/>\n\t<meta property=\"og:image:height\" content=\"1800\" \/>\n\t<meta property=\"og:image:type\" content=\"image\/jpeg\" \/>\n<meta name=\"twitter:card\" content=\"summary_large_image\" \/>\n<script type=\"application\/ld+json\" class=\"yoast-schema-graph\">{\"@context\":\"https:\/\/schema.org\",\"@graph\":[{\"@type\":\"WebPage\",\"@id\":\"https:\/\/www.krimcode.com\/de\/shop\/sport-attire-de\/krimcode-sport-attire-duffel-bag-2-black\/\",\"url\":\"https:\/\/www.krimcode.com\/de\/shop\/sport-attire-de\/krimcode-sport-attire-duffel-bag-2-black\/\",\"name\":\"Krimcode Sport Attire Duffel Bag &mdash; Krimcode\",\"isPartOf\":{\"@id\":\"https:\/\/www.krimcode.com\/#website\"},\"datePublished\":\"2018-11-29T08:54:06+00:00\",\"dateModified\":\"2020-10-05T05:21:44+00:00\",\"description\":\"Die Krimcode Sport Attire Black 2 Duffel Bag ist eine raffinierte Sporttasche, der als Rucksack und Umh\u00e4ngetasche mit einem abnehmbaren Trageband getragen werden kann.\",\"breadcrumb\":{\"@id\":\"https:\/\/www.krimcode.com\/de\/shop\/sport-attire-de\/krimcode-sport-attire-duffel-bag-2-black\/#breadcrumb\"},\"inLanguage\":\"de\",\"potentialAction\":[{\"@type\":\"ReadAction\",\"target\":[\"https:\/\/www.krimcode.com\/de\/shop\/sport-attire-de\/krimcode-sport-attire-duffel-bag-2-black\/\"]}]},{\"@type\":\"BreadcrumbList\",\"@id\":\"https:\/\/www.krimcode.com\/de\/shop\/sport-attire-de\/krimcode-sport-attire-duffel-bag-2-black\/#breadcrumb\",\"itemListElement\":[{\"@type\":\"ListItem\",\"position\":1,\"name\":\"Home\",\"item\":\"https:\/\/www.krimcode.com\/de\/\"},{\"@type\":\"ListItem\",\"position\":2,\"name\":\"Shop\",\"item\":\"https:\/\/www.krimcode.com\/de\/shop\/\"},{\"@type\":\"ListItem\",\"position\":3,\"name\":\"Krimcode Sport Attire Duffel Bag\"}]},{\"@type\":\"WebSite\",\"@id\":\"https:\/\/www.krimcode.com\/#website\",\"url\":\"https:\/\/www.krimcode.com\/\",\"name\":\"Krimcode\",\"description\":\"Lifestyle backpacks and duffel bags\",\"potentialAction\":[{\"@type\":\"SearchAction\",\"target\":{\"@type\":\"EntryPoint\",\"urlTemplate\":\"https:\/\/www.krimcode.com\/?s={search_term_string}\"},\"query-input\":\"required name=search_term_string\"}],\"inLanguage\":\"de\"}]}<\/script>\n<!-- \/ Yoast SEO plugin. -->","yoast_head_json":{"title":"Krimcode Sport Attire Duffel Bag &mdash; Krimcode","description":"Die Krimcode Sport Attire Black 2 Duffel Bag ist eine raffinierte Sporttasche, der als Rucksack und Umh\u00e4ngetasche mit einem abnehmbaren Trageband getragen werden kann.","robots":{"index":"index","follow":"follow","max-snippet":"max-snippet:-1","max-image-preview":"max-image-preview:large","max-video-preview":"max-video-preview:-1"},"canonical":"https:\/\/www.krimcode.com\/de\/shop\/sport-attire-de\/krimcode-sport-attire-duffel-bag-2-black\/","og_locale":"de_DE","og_type":"article","og_title":"Krimcode Sport Attire Duffel Bag &mdash; Krimcode","og_description":"Die Krimcode Sport Attire Black 2 Duffel Bag ist eine raffinierte Sporttasche, der als Rucksack und Umh\u00e4ngetasche mit einem abnehmbaren Trageband getragen werden kann.","og_url":"https:\/\/www.krimcode.com\/de\/shop\/sport-attire-de\/krimcode-sport-attire-duffel-bag-2-black\/","og_site_name":"Krimcode","article_modified_time":"2020-10-05T05:21:44+00:00","og_image":[{"width":1500,"height":1800,"url":"https:\/\/www.krimcode.com\/wp-content\/uploads\/2018\/11\/Krimcode-Sport-Attire-Duffle-Bag-KSTL02-1N0SM-perspective.jpg","type":"image\/jpeg"}],"twitter_card":"summary_large_image","schema":{"@context":"https:\/\/schema.org","@graph":[{"@type":"WebPage","@id":"https:\/\/www.krimcode.com\/de\/shop\/sport-attire-de\/krimcode-sport-attire-duffel-bag-2-black\/","url":"https:\/\/www.krimcode.com\/de\/shop\/sport-attire-de\/krimcode-sport-attire-duffel-bag-2-black\/","name":"Krimcode Sport Attire Duffel Bag &mdash; Krimcode","isPartOf":{"@id":"https:\/\/www.krimcode.com\/#website"},"datePublished":"2018-11-29T08:54:06+00:00","dateModified":"2020-10-05T05:21:44+00:00","description":"Die Krimcode Sport Attire Black 2 Duffel Bag ist eine raffinierte Sporttasche, der als Rucksack und Umh\u00e4ngetasche mit einem abnehmbaren Trageband getragen werden kann.","breadcrumb":{"@id":"https:\/\/www.krimcode.com\/de\/shop\/sport-attire-de\/krimcode-sport-attire-duffel-bag-2-black\/#breadcrumb"},"inLanguage":"de","potentialAction":[{"@type":"ReadAction","target":["https:\/\/www.krimcode.com\/de\/shop\/sport-attire-de\/krimcode-sport-attire-duffel-bag-2-black\/"]}]},{"@type":"BreadcrumbList","@id":"https:\/\/www.krimcode.com\/de\/shop\/sport-attire-de\/krimcode-sport-attire-duffel-bag-2-black\/#breadcrumb","itemListElement":[{"@type":"ListItem","position":1,"name":"Home","item":"https:\/\/www.krimcode.com\/de\/"},{"@type":"ListItem","position":2,"name":"Shop","item":"https:\/\/www.krimcode.com\/de\/shop\/"},{"@type":"ListItem","position":3,"name":"Krimcode Sport Attire Duffel Bag"}]},{"@type":"WebSite","@id":"https:\/\/www.krimcode.com\/#website","url":"https:\/\/www.krimcode.com\/","name":"Krimcode","description":"Lifestyle backpacks and duffel bags","potentialAction":[{"@type":"SearchAction","target":{"@type":"EntryPoint","urlTemplate":"https:\/\/www.krimcode.com\/?s={search_term_string}"},"query-input":"required name=search_term_string"}],"inLanguage":"de"}]}},"_links":{"self":[{"href":"https:\/\/www.krimcode.com\/de\/wp-json\/wp\/v2\/product\/14818"}],"collection":[{"href":"https:\/\/www.krimcode.com\/de\/wp-json\/wp\/v2\/product"}],"about":[{"href":"https:\/\/www.krimcode.com\/de\/wp-json\/wp\/v2\/types\/product"}],"wp:featuredmedia":[{"embeddable":true,"href":"https:\/\/www.krimcode.com\/de\/wp-json\/wp\/v2\/media\/14610"}],"wp:attachment":[{"href":"https:\/\/www.krimcode.com\/de\/wp-json\/wp\/v2\/media?parent=14818"}],"wp:term":[{"taxonomy":"product_cat","embeddable":true,"href":"https:\/\/www.krimcode.com\/de\/wp-json\/wp\/v2\/product_cat?post=14818"},{"taxonomy":"product_tag","embeddable":true,"href":"https:\/\/www.krimcode.com\/de\/wp-json\/wp\/v2\/product_tag?post=14818"}],"curies":[{"name":"wp","href":"https:\/\/api.w.org\/{rel}","templated":true}]}}