{"id":14820,"date":"2018-11-29T09:02:45","date_gmt":"2018-11-29T09:02:45","guid":{"rendered":"https:\/\/www.krimcode.com\/shop\/unkategorisiert\/krimcode-business-formal-notebook-backpack-22-black\/"},"modified":"2021-04-20T02:28:49","modified_gmt":"2021-04-20T02:28:49","slug":"krimcode-business-formal-notebook-backpack-22-black","status":"publish","type":"product","link":"https:\/\/www.krimcode.com\/de\/shop\/business-formal-de\/krimcode-business-formal-notebook-backpack-22-black\/","title":{"rendered":"Krimcode Business Formal Backpack"},"content":{"rendered":"","protected":false},"excerpt":{"rendered":"<p>Streben Sie nach Exzellenz mit dem Krimcode Business Formal Rucksack in der dunkelgrauen Variante mit dem gr\u00f6\u00dften Fassungsverm\u00f6gen der Serie. Sein modernes, aber doch klassisches Design unterstreicht und betont die Gesch\u00e4ftskleidung hervorragend. Diese formelle Businesstasche ist so konzipiert, dass sie alle notwendigen Arbeitsmaterialien in einem eleganten, gut geschnittenen und professionellen Rucksack sicher aufbewahrt. Er verf\u00fcgt au\u00dferdem \u00fcber mehrere F\u00e4cher, um alles Wichtige unbeschadet und organisiert aufzubewahren.<\/p>\n<p>Dieser Rucksack verf\u00fcgt \u00fcber zwei sichtbare Seitenf\u00e4cher f\u00fcr Wasserflaschen und Regenschirme. Er verf\u00fcgt au\u00dfen \u00fcber zwei weitere praktische F\u00e4cher , die Ihnen einen einfachen Zugang zu Gegenst\u00e4nden wie Geldbeutel, Stifte, USB-Sticks und mehr erm\u00f6glichen und diese sicher aufbewahren. Wie alle formellen Rucks\u00e4cke von Krimcode verf\u00fcgt auch dieses Modell \u00fcber einen USB-Ladeanschluss, eine bequeme Airtrax-R\u00fcckenpolsterung, einen Kofferriemen und ein Kartenfach am Schulterriemen.<\/p>\n","protected":false},"featured_media":14514,"template":"","meta":[],"product_cat":[419],"product_tag":[],"yoast_head":"<!-- This site is optimized with the Yoast SEO plugin v19.13 - https:\/\/yoast.com\/wordpress\/plugins\/seo\/ -->\n<title>Krimcode Business Formal Backpack | Classic 1 Dark Grey &mdash; Krimcode<\/title>\n<meta name=\"description\" content=\"Der Krimcode Classic 1 Dark Grey Business Formal Backpack ist ein Rucksack mit verschiedenen F\u00e4chern, die ausreichend gro\u00df sind, um die wesentlichen Dinge sicher aufzubewahren.\" \/>\n<meta name=\"robots\" content=\"index, follow, max-snippet:-1, max-image-preview:large, max-video-preview:-1\" \/>\n<link rel=\"canonical\" href=\"https:\/\/www.krimcode.com\/de\/shop\/business-formal-de\/krimcode-business-formal-notebook-backpack-22-black\/\" \/>\n<meta property=\"og:locale\" content=\"de_DE\" \/>\n<meta property=\"og:type\" content=\"article\" \/>\n<meta property=\"og:title\" content=\"Krimcode Business Formal Backpack | Classic 1 Dark Grey &mdash; Krimcode\" \/>\n<meta property=\"og:description\" content=\"Der Krimcode Classic 1 Dark Grey Business Formal Backpack ist ein Rucksack mit verschiedenen F\u00e4chern, die ausreichend gro\u00df sind, um die wesentlichen Dinge sicher aufzubewahren.\" \/>\n<meta property=\"og:url\" content=\"https:\/\/www.krimcode.com\/de\/shop\/business-formal-de\/krimcode-business-formal-notebook-backpack-22-black\/\" \/>\n<meta property=\"og:site_name\" content=\"Krimcode\" \/>\n<meta property=\"article:modified_time\" content=\"2021-04-20T02:28:49+00:00\" \/>\n<meta property=\"og:image\" content=\"https:\/\/www.krimcode.com\/wp-content\/uploads\/2018\/11\/Krimcode-Business-Formal-Notebook-Backpack-KBFB22-1NDGM-perspective.jpg\" \/>\n\t<meta property=\"og:image:width\" content=\"1500\" \/>\n\t<meta property=\"og:image:height\" content=\"1800\" \/>\n\t<meta property=\"og:image:type\" content=\"image\/jpeg\" \/>\n<meta name=\"twitter:card\" content=\"summary_large_image\" \/>\n<script type=\"application\/ld+json\" class=\"yoast-schema-graph\">{\"@context\":\"https:\/\/schema.org\",\"@graph\":[{\"@type\":\"WebPage\",\"@id\":\"https:\/\/www.krimcode.com\/de\/shop\/business-formal-de\/krimcode-business-formal-notebook-backpack-22-black\/\",\"url\":\"https:\/\/www.krimcode.com\/de\/shop\/business-formal-de\/krimcode-business-formal-notebook-backpack-22-black\/\",\"name\":\"Krimcode Business Formal Backpack | Classic 1 Dark Grey &mdash; Krimcode\",\"isPartOf\":{\"@id\":\"https:\/\/www.krimcode.com\/#website\"},\"datePublished\":\"2018-11-29T09:02:45+00:00\",\"dateModified\":\"2021-04-20T02:28:49+00:00\",\"description\":\"Der Krimcode Classic 1 Dark Grey Business Formal Backpack ist ein Rucksack mit verschiedenen F\u00e4chern, die ausreichend gro\u00df sind, um die wesentlichen Dinge sicher aufzubewahren.\",\"breadcrumb\":{\"@id\":\"https:\/\/www.krimcode.com\/de\/shop\/business-formal-de\/krimcode-business-formal-notebook-backpack-22-black\/#breadcrumb\"},\"inLanguage\":\"de\",\"potentialAction\":[{\"@type\":\"ReadAction\",\"target\":[\"https:\/\/www.krimcode.com\/de\/shop\/business-formal-de\/krimcode-business-formal-notebook-backpack-22-black\/\"]}]},{\"@type\":\"BreadcrumbList\",\"@id\":\"https:\/\/www.krimcode.com\/de\/shop\/business-formal-de\/krimcode-business-formal-notebook-backpack-22-black\/#breadcrumb\",\"itemListElement\":[{\"@type\":\"ListItem\",\"position\":1,\"name\":\"Home\",\"item\":\"https:\/\/www.krimcode.com\/de\/\"},{\"@type\":\"ListItem\",\"position\":2,\"name\":\"Shop\",\"item\":\"https:\/\/www.krimcode.com\/de\/shop\/\"},{\"@type\":\"ListItem\",\"position\":3,\"name\":\"Krimcode Business Formal Backpack\"}]},{\"@type\":\"WebSite\",\"@id\":\"https:\/\/www.krimcode.com\/#website\",\"url\":\"https:\/\/www.krimcode.com\/\",\"name\":\"Krimcode\",\"description\":\"Lifestyle backpacks and duffel bags\",\"potentialAction\":[{\"@type\":\"SearchAction\",\"target\":{\"@type\":\"EntryPoint\",\"urlTemplate\":\"https:\/\/www.krimcode.com\/?s={search_term_string}\"},\"query-input\":\"required name=search_term_string\"}],\"inLanguage\":\"de\"}]}<\/script>\n<!-- \/ Yoast SEO plugin. -->","yoast_head_json":{"title":"Krimcode Business Formal Backpack | Classic 1 Dark Grey &mdash; Krimcode","description":"Der Krimcode Classic 1 Dark Grey Business Formal Backpack ist ein Rucksack mit verschiedenen F\u00e4chern, die ausreichend gro\u00df sind, um die wesentlichen Dinge sicher aufzubewahren.","robots":{"index":"index","follow":"follow","max-snippet":"max-snippet:-1","max-image-preview":"max-image-preview:large","max-video-preview":"max-video-preview:-1"},"canonical":"https:\/\/www.krimcode.com\/de\/shop\/business-formal-de\/krimcode-business-formal-notebook-backpack-22-black\/","og_locale":"de_DE","og_type":"article","og_title":"Krimcode Business Formal Backpack | Classic 1 Dark Grey &mdash; Krimcode","og_description":"Der Krimcode Classic 1 Dark Grey Business Formal Backpack ist ein Rucksack mit verschiedenen F\u00e4chern, die ausreichend gro\u00df sind, um die wesentlichen Dinge sicher aufzubewahren.","og_url":"https:\/\/www.krimcode.com\/de\/shop\/business-formal-de\/krimcode-business-formal-notebook-backpack-22-black\/","og_site_name":"Krimcode","article_modified_time":"2021-04-20T02:28:49+00:00","og_image":[{"width":1500,"height":1800,"url":"https:\/\/www.krimcode.com\/wp-content\/uploads\/2018\/11\/Krimcode-Business-Formal-Notebook-Backpack-KBFB22-1NDGM-perspective.jpg","type":"image\/jpeg"}],"twitter_card":"summary_large_image","schema":{"@context":"https:\/\/schema.org","@graph":[{"@type":"WebPage","@id":"https:\/\/www.krimcode.com\/de\/shop\/business-formal-de\/krimcode-business-formal-notebook-backpack-22-black\/","url":"https:\/\/www.krimcode.com\/de\/shop\/business-formal-de\/krimcode-business-formal-notebook-backpack-22-black\/","name":"Krimcode Business Formal Backpack | Classic 1 Dark Grey &mdash; Krimcode","isPartOf":{"@id":"https:\/\/www.krimcode.com\/#website"},"datePublished":"2018-11-29T09:02:45+00:00","dateModified":"2021-04-20T02:28:49+00:00","description":"Der Krimcode Classic 1 Dark Grey Business Formal Backpack ist ein Rucksack mit verschiedenen F\u00e4chern, die ausreichend gro\u00df sind, um die wesentlichen Dinge sicher aufzubewahren.","breadcrumb":{"@id":"https:\/\/www.krimcode.com\/de\/shop\/business-formal-de\/krimcode-business-formal-notebook-backpack-22-black\/#breadcrumb"},"inLanguage":"de","potentialAction":[{"@type":"ReadAction","target":["https:\/\/www.krimcode.com\/de\/shop\/business-formal-de\/krimcode-business-formal-notebook-backpack-22-black\/"]}]},{"@type":"BreadcrumbList","@id":"https:\/\/www.krimcode.com\/de\/shop\/business-formal-de\/krimcode-business-formal-notebook-backpack-22-black\/#breadcrumb","itemListElement":[{"@type":"ListItem","position":1,"name":"Home","item":"https:\/\/www.krimcode.com\/de\/"},{"@type":"ListItem","position":2,"name":"Shop","item":"https:\/\/www.krimcode.com\/de\/shop\/"},{"@type":"ListItem","position":3,"name":"Krimcode Business Formal Backpack"}]},{"@type":"WebSite","@id":"https:\/\/www.krimcode.com\/#website","url":"https:\/\/www.krimcode.com\/","name":"Krimcode","description":"Lifestyle backpacks and duffel bags","potentialAction":[{"@type":"SearchAction","target":{"@type":"EntryPoint","urlTemplate":"https:\/\/www.krimcode.com\/?s={search_term_string}"},"query-input":"required name=search_term_string"}],"inLanguage":"de"}]}},"_links":{"self":[{"href":"https:\/\/www.krimcode.com\/de\/wp-json\/wp\/v2\/product\/14820"}],"collection":[{"href":"https:\/\/www.krimcode.com\/de\/wp-json\/wp\/v2\/product"}],"about":[{"href":"https:\/\/www.krimcode.com\/de\/wp-json\/wp\/v2\/types\/product"}],"wp:featuredmedia":[{"embeddable":true,"href":"https:\/\/www.krimcode.com\/de\/wp-json\/wp\/v2\/media\/14514"}],"wp:attachment":[{"href":"https:\/\/www.krimcode.com\/de\/wp-json\/wp\/v2\/media?parent=14820"}],"wp:term":[{"taxonomy":"product_cat","embeddable":true,"href":"https:\/\/www.krimcode.com\/de\/wp-json\/wp\/v2\/product_cat?post=14820"},{"taxonomy":"product_tag","embeddable":true,"href":"https:\/\/www.krimcode.com\/de\/wp-json\/wp\/v2\/product_tag?post=14820"}],"curies":[{"name":"wp","href":"https:\/\/api.w.org\/{rel}","templated":true}]}}