{"id":14822,"date":"2018-11-29T09:01:15","date_gmt":"2018-11-29T09:01:15","guid":{"rendered":"https:\/\/www.krimcode.com\/shop\/unkategorisiert\/krimcode-business-formal-notebook-backpack-6-black\/"},"modified":"2021-04-20T02:25:18","modified_gmt":"2021-04-20T02:25:18","slug":"krimcode-business-formal-notebook-backpack-6-black","status":"publish","type":"product","link":"https:\/\/www.krimcode.com\/de\/shop\/business-formal-de\/krimcode-business-formal-notebook-backpack-6-black\/","title":{"rendered":"Krimcode Business Formal Backpack"},"content":{"rendered":"","protected":false},"excerpt":{"rendered":"<p>Der Krimcode Business Formal Backpack, in einer aufwendig gestalteten, modernen, dunkelgrauen Variante, ist der ideale Erfolgsbegleiter. Dieser elegant strukturierte Lifestyle-Rucksack wurde so konzipiert, dass er zu jeder formellen Kleidung im Office oder auf Dienstreisen passt. Er l\u00e4sst sich 180 Grad \u00f6ffnen, was die Sicherheitskontrollen am Flughafen weniger l\u00e4stig macht.<\/p>\n<p>Das elegante und hochwertige \u00c4u\u00dfere ist aus wasserabweisendem K-Tech gefertigt und verf\u00fcgt \u00fcber zwei Au\u00dfenf\u00e4cher f\u00fcr zus\u00e4tzlichen Platz. Eine versteckte, mit wasserdichtem Stoff gef\u00fctterte Seitentasche, eignet sich f\u00fcr das Aufbewahren von Regenschirmen und Wasserflaschen. Als Standard f\u00fcr alle formellen Business-Rucksackmodelle verf\u00fcgt er \u00fcber einen Kofferriemen, einem USB-Ladeanschluss, einer atmungsaktiven Airtrax-R\u00fcckenpolsterung, einem Sonnenbrillenhalter und einer praktischen Brusttasche am Schulterriemen zur Aufbewahrung von Wertsachen wie Kreditkarten oder Ausweise.<\/p>\n","protected":false},"featured_media":14480,"template":"","meta":[],"product_cat":[419],"product_tag":[],"yoast_head":"<!-- This site is optimized with the Yoast SEO plugin v19.13 - https:\/\/yoast.com\/wordpress\/plugins\/seo\/ -->\n<title>Krimcode Business Formal Backpack | Modern Dark Grey &mdash; Krimcode<\/title>\n<meta name=\"description\" content=\"Der Krimcode Modern Dark Grey Business Formal Backpack ist der ideale B\u00fcrorucksack f\u00fcr Berufst\u00e4tige. Er ist f\u00fcr den ambiti\u00f6sen Business-Lifestyle geeignet.\" \/>\n<meta name=\"robots\" content=\"index, follow, max-snippet:-1, max-image-preview:large, max-video-preview:-1\" \/>\n<link rel=\"canonical\" href=\"https:\/\/www.krimcode.com\/de\/shop\/business-formal-de\/krimcode-business-formal-notebook-backpack-6-black\/\" \/>\n<meta property=\"og:locale\" content=\"de_DE\" \/>\n<meta property=\"og:type\" content=\"article\" \/>\n<meta property=\"og:title\" content=\"Krimcode Business Formal Backpack | Modern Dark Grey &mdash; Krimcode\" \/>\n<meta property=\"og:description\" content=\"Der Krimcode Modern Dark Grey Business Formal Backpack ist der ideale B\u00fcrorucksack f\u00fcr Berufst\u00e4tige. Er ist f\u00fcr den ambiti\u00f6sen Business-Lifestyle geeignet.\" \/>\n<meta property=\"og:url\" content=\"https:\/\/www.krimcode.com\/de\/shop\/business-formal-de\/krimcode-business-formal-notebook-backpack-6-black\/\" \/>\n<meta property=\"og:site_name\" content=\"Krimcode\" \/>\n<meta property=\"article:modified_time\" content=\"2021-04-20T02:25:18+00:00\" \/>\n<meta property=\"og:image\" content=\"https:\/\/www.krimcode.com\/wp-content\/uploads\/2018\/11\/Krimcode-Business-Formal-Notebook-Backpack-KBFB06-1NDGM-perspective.jpg\" \/>\n\t<meta property=\"og:image:width\" content=\"1500\" \/>\n\t<meta property=\"og:image:height\" content=\"1800\" \/>\n\t<meta property=\"og:image:type\" content=\"image\/jpeg\" \/>\n<meta name=\"twitter:card\" content=\"summary_large_image\" \/>\n<script type=\"application\/ld+json\" class=\"yoast-schema-graph\">{\"@context\":\"https:\/\/schema.org\",\"@graph\":[{\"@type\":\"WebPage\",\"@id\":\"https:\/\/www.krimcode.com\/de\/shop\/business-formal-de\/krimcode-business-formal-notebook-backpack-6-black\/\",\"url\":\"https:\/\/www.krimcode.com\/de\/shop\/business-formal-de\/krimcode-business-formal-notebook-backpack-6-black\/\",\"name\":\"Krimcode Business Formal Backpack | Modern Dark Grey &mdash; Krimcode\",\"isPartOf\":{\"@id\":\"https:\/\/www.krimcode.com\/#website\"},\"datePublished\":\"2018-11-29T09:01:15+00:00\",\"dateModified\":\"2021-04-20T02:25:18+00:00\",\"description\":\"Der Krimcode Modern Dark Grey Business Formal Backpack ist der ideale B\u00fcrorucksack f\u00fcr Berufst\u00e4tige. Er ist f\u00fcr den ambiti\u00f6sen Business-Lifestyle geeignet.\",\"breadcrumb\":{\"@id\":\"https:\/\/www.krimcode.com\/de\/shop\/business-formal-de\/krimcode-business-formal-notebook-backpack-6-black\/#breadcrumb\"},\"inLanguage\":\"de\",\"potentialAction\":[{\"@type\":\"ReadAction\",\"target\":[\"https:\/\/www.krimcode.com\/de\/shop\/business-formal-de\/krimcode-business-formal-notebook-backpack-6-black\/\"]}]},{\"@type\":\"BreadcrumbList\",\"@id\":\"https:\/\/www.krimcode.com\/de\/shop\/business-formal-de\/krimcode-business-formal-notebook-backpack-6-black\/#breadcrumb\",\"itemListElement\":[{\"@type\":\"ListItem\",\"position\":1,\"name\":\"Home\",\"item\":\"https:\/\/www.krimcode.com\/de\/\"},{\"@type\":\"ListItem\",\"position\":2,\"name\":\"Shop\",\"item\":\"https:\/\/www.krimcode.com\/de\/shop\/\"},{\"@type\":\"ListItem\",\"position\":3,\"name\":\"Krimcode Business Formal Backpack\"}]},{\"@type\":\"WebSite\",\"@id\":\"https:\/\/www.krimcode.com\/#website\",\"url\":\"https:\/\/www.krimcode.com\/\",\"name\":\"Krimcode\",\"description\":\"Lifestyle backpacks and duffel bags\",\"potentialAction\":[{\"@type\":\"SearchAction\",\"target\":{\"@type\":\"EntryPoint\",\"urlTemplate\":\"https:\/\/www.krimcode.com\/?s={search_term_string}\"},\"query-input\":\"required name=search_term_string\"}],\"inLanguage\":\"de\"}]}<\/script>\n<!-- \/ Yoast SEO plugin. -->","yoast_head_json":{"title":"Krimcode Business Formal Backpack | Modern Dark Grey &mdash; Krimcode","description":"Der Krimcode Modern Dark Grey Business Formal Backpack ist der ideale B\u00fcrorucksack f\u00fcr Berufst\u00e4tige. Er ist f\u00fcr den ambiti\u00f6sen Business-Lifestyle geeignet.","robots":{"index":"index","follow":"follow","max-snippet":"max-snippet:-1","max-image-preview":"max-image-preview:large","max-video-preview":"max-video-preview:-1"},"canonical":"https:\/\/www.krimcode.com\/de\/shop\/business-formal-de\/krimcode-business-formal-notebook-backpack-6-black\/","og_locale":"de_DE","og_type":"article","og_title":"Krimcode Business Formal Backpack | Modern Dark Grey &mdash; Krimcode","og_description":"Der Krimcode Modern Dark Grey Business Formal Backpack ist der ideale B\u00fcrorucksack f\u00fcr Berufst\u00e4tige. Er ist f\u00fcr den ambiti\u00f6sen Business-Lifestyle geeignet.","og_url":"https:\/\/www.krimcode.com\/de\/shop\/business-formal-de\/krimcode-business-formal-notebook-backpack-6-black\/","og_site_name":"Krimcode","article_modified_time":"2021-04-20T02:25:18+00:00","og_image":[{"width":1500,"height":1800,"url":"https:\/\/www.krimcode.com\/wp-content\/uploads\/2018\/11\/Krimcode-Business-Formal-Notebook-Backpack-KBFB06-1NDGM-perspective.jpg","type":"image\/jpeg"}],"twitter_card":"summary_large_image","schema":{"@context":"https:\/\/schema.org","@graph":[{"@type":"WebPage","@id":"https:\/\/www.krimcode.com\/de\/shop\/business-formal-de\/krimcode-business-formal-notebook-backpack-6-black\/","url":"https:\/\/www.krimcode.com\/de\/shop\/business-formal-de\/krimcode-business-formal-notebook-backpack-6-black\/","name":"Krimcode Business Formal Backpack | Modern Dark Grey &mdash; Krimcode","isPartOf":{"@id":"https:\/\/www.krimcode.com\/#website"},"datePublished":"2018-11-29T09:01:15+00:00","dateModified":"2021-04-20T02:25:18+00:00","description":"Der Krimcode Modern Dark Grey Business Formal Backpack ist der ideale B\u00fcrorucksack f\u00fcr Berufst\u00e4tige. Er ist f\u00fcr den ambiti\u00f6sen Business-Lifestyle geeignet.","breadcrumb":{"@id":"https:\/\/www.krimcode.com\/de\/shop\/business-formal-de\/krimcode-business-formal-notebook-backpack-6-black\/#breadcrumb"},"inLanguage":"de","potentialAction":[{"@type":"ReadAction","target":["https:\/\/www.krimcode.com\/de\/shop\/business-formal-de\/krimcode-business-formal-notebook-backpack-6-black\/"]}]},{"@type":"BreadcrumbList","@id":"https:\/\/www.krimcode.com\/de\/shop\/business-formal-de\/krimcode-business-formal-notebook-backpack-6-black\/#breadcrumb","itemListElement":[{"@type":"ListItem","position":1,"name":"Home","item":"https:\/\/www.krimcode.com\/de\/"},{"@type":"ListItem","position":2,"name":"Shop","item":"https:\/\/www.krimcode.com\/de\/shop\/"},{"@type":"ListItem","position":3,"name":"Krimcode Business Formal Backpack"}]},{"@type":"WebSite","@id":"https:\/\/www.krimcode.com\/#website","url":"https:\/\/www.krimcode.com\/","name":"Krimcode","description":"Lifestyle backpacks and duffel bags","potentialAction":[{"@type":"SearchAction","target":{"@type":"EntryPoint","urlTemplate":"https:\/\/www.krimcode.com\/?s={search_term_string}"},"query-input":"required name=search_term_string"}],"inLanguage":"de"}]}},"_links":{"self":[{"href":"https:\/\/www.krimcode.com\/de\/wp-json\/wp\/v2\/product\/14822"}],"collection":[{"href":"https:\/\/www.krimcode.com\/de\/wp-json\/wp\/v2\/product"}],"about":[{"href":"https:\/\/www.krimcode.com\/de\/wp-json\/wp\/v2\/types\/product"}],"wp:featuredmedia":[{"embeddable":true,"href":"https:\/\/www.krimcode.com\/de\/wp-json\/wp\/v2\/media\/14480"}],"wp:attachment":[{"href":"https:\/\/www.krimcode.com\/de\/wp-json\/wp\/v2\/media?parent=14822"}],"wp:term":[{"taxonomy":"product_cat","embeddable":true,"href":"https:\/\/www.krimcode.com\/de\/wp-json\/wp\/v2\/product_cat?post=14822"},{"taxonomy":"product_tag","embeddable":true,"href":"https:\/\/www.krimcode.com\/de\/wp-json\/wp\/v2\/product_tag?post=14822"}],"curies":[{"name":"wp","href":"https:\/\/api.w.org\/{rel}","templated":true}]}}