{"id":14824,"date":"2018-11-29T08:57:27","date_gmt":"2018-11-29T08:57:27","guid":{"rendered":"https:\/\/www.krimcode.com\/shop\/unkategorisiert\/krimcode-street-krimcode-street-casual-notebook-backpack-14-black\/"},"modified":"2021-04-20T01:55:25","modified_gmt":"2021-04-20T01:55:25","slug":"krimcode-street-krimcode-street-casual-notebook-backpack-14-black","status":"publish","type":"product","link":"https:\/\/www.krimcode.com\/de\/shop\/street-casual-de\/krimcode-street-krimcode-street-casual-notebook-backpack-14-black\/","title":{"rendered":"Krimcode Street Casual Backpack"},"content":{"rendered":"","protected":false},"excerpt":{"rendered":"<p>Befl\u00fcgeln Sie Ihren kreativen Geist mit dem Krimcode Street Casual Rucksack f\u00fcr den st\u00e4dtischen Trubel. Dieser Rucksack f\u00fcr die Stadt mit seinem zeitgem\u00e4\u00dfen Design ist das Modell, das das meiste Fassungsverm\u00f6gen der Serie bietet. Mit mehreren F\u00e4chern, die die moderne und ausgepr\u00e4gte \u00c4sthetik zur Geltung bringen, ist er auf der Vorderseite mit zwei Schnallen versehen, an denen Longboards oder anderes befestigt werden kann.<\/p>\n<p>Das Modell verf\u00fcgt \u00fcber drei Hauptf\u00e4cher, die ausreichend Platz f\u00fcr das Notwendige eines jeden kreativen Menschen bieten und mit praktischen Taschen ausgestattet sind, in denen Ihre Gegenst\u00e4nde sicher aufbewahrt bleiben. Wie alle anderen Modelle der legeren Rucksackserie verf\u00fcgt auch dieses Modell \u00fcber ein waschbares Schuhfach am Boden der Tasche mit Bel\u00fcftung. Au\u00dferdem ist er mit verstellbaren Brustgurten, Diebstahlsicherungstaschen, Regenschirm- und Flaschenhaltern sowie einem Kofferriemen ausgestattet.<\/p>\n","protected":false},"featured_media":14644,"template":"","meta":[],"product_cat":[426],"product_tag":[],"yoast_head":"<!-- This site is optimized with the Yoast SEO plugin v19.13 - https:\/\/yoast.com\/wordpress\/plugins\/seo\/ -->\n<title>Krimcode Street Casual Backpack | The Urban Bag &mdash; Krimcode<\/title>\n<meta name=\"description\" content=\"Der Krimcode Urban Street Casual Backpack ist der ideale Rucksack f\u00fcr den Alltag in der Stadt. Der Rucksack bietet Platz f\u00fcr alle wesentlichen Dinge der kreativen Menschen.\" \/>\n<meta name=\"robots\" content=\"index, follow, max-snippet:-1, max-image-preview:large, max-video-preview:-1\" \/>\n<link rel=\"canonical\" href=\"https:\/\/www.krimcode.com\/de\/shop\/street-casual-de\/krimcode-street-krimcode-street-casual-notebook-backpack-14-black\/\" \/>\n<meta property=\"og:locale\" content=\"de_DE\" \/>\n<meta property=\"og:type\" content=\"article\" \/>\n<meta property=\"og:title\" content=\"Krimcode Street Casual Backpack | The Urban Bag &mdash; Krimcode\" \/>\n<meta property=\"og:description\" content=\"Der Krimcode Urban Street Casual Backpack ist der ideale Rucksack f\u00fcr den Alltag in der Stadt. Der Rucksack bietet Platz f\u00fcr alle wesentlichen Dinge der kreativen Menschen.\" \/>\n<meta property=\"og:url\" content=\"https:\/\/www.krimcode.com\/de\/shop\/street-casual-de\/krimcode-street-krimcode-street-casual-notebook-backpack-14-black\/\" \/>\n<meta property=\"og:site_name\" content=\"Krimcode\" \/>\n<meta property=\"article:modified_time\" content=\"2021-04-20T01:55:25+00:00\" \/>\n<meta property=\"og:image\" content=\"https:\/\/www.krimcode.com\/wp-content\/uploads\/2018\/11\/Krimcode-Street-Casual-Notebook-Backpack-KSTB14-1N0SM-perspective.jpg\" \/>\n\t<meta property=\"og:image:width\" content=\"1500\" \/>\n\t<meta property=\"og:image:height\" content=\"1800\" \/>\n\t<meta property=\"og:image:type\" content=\"image\/jpeg\" \/>\n<meta name=\"twitter:card\" content=\"summary_large_image\" \/>\n<script type=\"application\/ld+json\" class=\"yoast-schema-graph\">{\"@context\":\"https:\/\/schema.org\",\"@graph\":[{\"@type\":\"WebPage\",\"@id\":\"https:\/\/www.krimcode.com\/de\/shop\/street-casual-de\/krimcode-street-krimcode-street-casual-notebook-backpack-14-black\/\",\"url\":\"https:\/\/www.krimcode.com\/de\/shop\/street-casual-de\/krimcode-street-krimcode-street-casual-notebook-backpack-14-black\/\",\"name\":\"Krimcode Street Casual Backpack | The Urban Bag &mdash; Krimcode\",\"isPartOf\":{\"@id\":\"https:\/\/www.krimcode.com\/#website\"},\"datePublished\":\"2018-11-29T08:57:27+00:00\",\"dateModified\":\"2021-04-20T01:55:25+00:00\",\"description\":\"Der Krimcode Urban Street Casual Backpack ist der ideale Rucksack f\u00fcr den Alltag in der Stadt. Der Rucksack bietet Platz f\u00fcr alle wesentlichen Dinge der kreativen Menschen.\",\"breadcrumb\":{\"@id\":\"https:\/\/www.krimcode.com\/de\/shop\/street-casual-de\/krimcode-street-krimcode-street-casual-notebook-backpack-14-black\/#breadcrumb\"},\"inLanguage\":\"de\",\"potentialAction\":[{\"@type\":\"ReadAction\",\"target\":[\"https:\/\/www.krimcode.com\/de\/shop\/street-casual-de\/krimcode-street-krimcode-street-casual-notebook-backpack-14-black\/\"]}]},{\"@type\":\"BreadcrumbList\",\"@id\":\"https:\/\/www.krimcode.com\/de\/shop\/street-casual-de\/krimcode-street-krimcode-street-casual-notebook-backpack-14-black\/#breadcrumb\",\"itemListElement\":[{\"@type\":\"ListItem\",\"position\":1,\"name\":\"Home\",\"item\":\"https:\/\/www.krimcode.com\/de\/\"},{\"@type\":\"ListItem\",\"position\":2,\"name\":\"Shop\",\"item\":\"https:\/\/www.krimcode.com\/de\/shop\/\"},{\"@type\":\"ListItem\",\"position\":3,\"name\":\"Krimcode Street Casual Backpack\"}]},{\"@type\":\"WebSite\",\"@id\":\"https:\/\/www.krimcode.com\/#website\",\"url\":\"https:\/\/www.krimcode.com\/\",\"name\":\"Krimcode\",\"description\":\"Lifestyle backpacks and duffel bags\",\"potentialAction\":[{\"@type\":\"SearchAction\",\"target\":{\"@type\":\"EntryPoint\",\"urlTemplate\":\"https:\/\/www.krimcode.com\/?s={search_term_string}\"},\"query-input\":\"required name=search_term_string\"}],\"inLanguage\":\"de\"}]}<\/script>\n<!-- \/ Yoast SEO plugin. -->","yoast_head_json":{"title":"Krimcode Street Casual Backpack | The Urban Bag &mdash; Krimcode","description":"Der Krimcode Urban Street Casual Backpack ist der ideale Rucksack f\u00fcr den Alltag in der Stadt. Der Rucksack bietet Platz f\u00fcr alle wesentlichen Dinge der kreativen Menschen.","robots":{"index":"index","follow":"follow","max-snippet":"max-snippet:-1","max-image-preview":"max-image-preview:large","max-video-preview":"max-video-preview:-1"},"canonical":"https:\/\/www.krimcode.com\/de\/shop\/street-casual-de\/krimcode-street-krimcode-street-casual-notebook-backpack-14-black\/","og_locale":"de_DE","og_type":"article","og_title":"Krimcode Street Casual Backpack | The Urban Bag &mdash; Krimcode","og_description":"Der Krimcode Urban Street Casual Backpack ist der ideale Rucksack f\u00fcr den Alltag in der Stadt. Der Rucksack bietet Platz f\u00fcr alle wesentlichen Dinge der kreativen Menschen.","og_url":"https:\/\/www.krimcode.com\/de\/shop\/street-casual-de\/krimcode-street-krimcode-street-casual-notebook-backpack-14-black\/","og_site_name":"Krimcode","article_modified_time":"2021-04-20T01:55:25+00:00","og_image":[{"width":1500,"height":1800,"url":"https:\/\/www.krimcode.com\/wp-content\/uploads\/2018\/11\/Krimcode-Street-Casual-Notebook-Backpack-KSTB14-1N0SM-perspective.jpg","type":"image\/jpeg"}],"twitter_card":"summary_large_image","schema":{"@context":"https:\/\/schema.org","@graph":[{"@type":"WebPage","@id":"https:\/\/www.krimcode.com\/de\/shop\/street-casual-de\/krimcode-street-krimcode-street-casual-notebook-backpack-14-black\/","url":"https:\/\/www.krimcode.com\/de\/shop\/street-casual-de\/krimcode-street-krimcode-street-casual-notebook-backpack-14-black\/","name":"Krimcode Street Casual Backpack | The Urban Bag &mdash; Krimcode","isPartOf":{"@id":"https:\/\/www.krimcode.com\/#website"},"datePublished":"2018-11-29T08:57:27+00:00","dateModified":"2021-04-20T01:55:25+00:00","description":"Der Krimcode Urban Street Casual Backpack ist der ideale Rucksack f\u00fcr den Alltag in der Stadt. Der Rucksack bietet Platz f\u00fcr alle wesentlichen Dinge der kreativen Menschen.","breadcrumb":{"@id":"https:\/\/www.krimcode.com\/de\/shop\/street-casual-de\/krimcode-street-krimcode-street-casual-notebook-backpack-14-black\/#breadcrumb"},"inLanguage":"de","potentialAction":[{"@type":"ReadAction","target":["https:\/\/www.krimcode.com\/de\/shop\/street-casual-de\/krimcode-street-krimcode-street-casual-notebook-backpack-14-black\/"]}]},{"@type":"BreadcrumbList","@id":"https:\/\/www.krimcode.com\/de\/shop\/street-casual-de\/krimcode-street-krimcode-street-casual-notebook-backpack-14-black\/#breadcrumb","itemListElement":[{"@type":"ListItem","position":1,"name":"Home","item":"https:\/\/www.krimcode.com\/de\/"},{"@type":"ListItem","position":2,"name":"Shop","item":"https:\/\/www.krimcode.com\/de\/shop\/"},{"@type":"ListItem","position":3,"name":"Krimcode Street Casual Backpack"}]},{"@type":"WebSite","@id":"https:\/\/www.krimcode.com\/#website","url":"https:\/\/www.krimcode.com\/","name":"Krimcode","description":"Lifestyle backpacks and duffel bags","potentialAction":[{"@type":"SearchAction","target":{"@type":"EntryPoint","urlTemplate":"https:\/\/www.krimcode.com\/?s={search_term_string}"},"query-input":"required name=search_term_string"}],"inLanguage":"de"}]}},"_links":{"self":[{"href":"https:\/\/www.krimcode.com\/de\/wp-json\/wp\/v2\/product\/14824"}],"collection":[{"href":"https:\/\/www.krimcode.com\/de\/wp-json\/wp\/v2\/product"}],"about":[{"href":"https:\/\/www.krimcode.com\/de\/wp-json\/wp\/v2\/types\/product"}],"wp:featuredmedia":[{"embeddable":true,"href":"https:\/\/www.krimcode.com\/de\/wp-json\/wp\/v2\/media\/14644"}],"wp:attachment":[{"href":"https:\/\/www.krimcode.com\/de\/wp-json\/wp\/v2\/media?parent=14824"}],"wp:term":[{"taxonomy":"product_cat","embeddable":true,"href":"https:\/\/www.krimcode.com\/de\/wp-json\/wp\/v2\/product_cat?post=14824"},{"taxonomy":"product_tag","embeddable":true,"href":"https:\/\/www.krimcode.com\/de\/wp-json\/wp\/v2\/product_tag?post=14824"}],"curies":[{"name":"wp","href":"https:\/\/api.w.org\/{rel}","templated":true}]}}