{"id":14825,"date":"2018-11-29T08:57:04","date_gmt":"2018-11-29T08:57:04","guid":{"rendered":"https:\/\/www.krimcode.com\/shop\/unkategorisiert\/krimcode-street-casual-notebook-backpack-13-black\/"},"modified":"2021-04-20T02:03:07","modified_gmt":"2021-04-20T02:03:07","slug":"krimcode-street-casual-notebook-backpack-13-black","status":"publish","type":"product","link":"https:\/\/www.krimcode.com\/de\/shop\/street-casual-de\/krimcode-street-casual-notebook-backpack-13-black\/","title":{"rendered":"Krimcode Street Casual Backpack"},"content":{"rendered":"","protected":false},"excerpt":{"rendered":"<p>Erwecken Sie Ihr Fernweh mit dem Krimcode Street Casual Rucksack, der f\u00fcr stilvolles und bequemes Reisen geeignet ist. Dieser Rucksack besitzt eine \u00d6ffnung von 180 Grad, die die Sicherheitskontrollen am Flughafen weniger l\u00e4stig macht. Er verf\u00fcgt au\u00dferdem \u00fcber mehrere F\u00e4cher an der Vorder- und Seitenwand, in denen das N\u00f6tigste f\u00fcr unterwegs aufbewahrt werden kann.<\/p>\n<p>Mit zwei Hauptf\u00e4chern und mehreren Au\u00dfenf\u00e4chern kann dieser stilvolle, urbane Rucksack alles von Elektronik bis Kleidung verstauen. Als Standard bei allen Street Casual Rucksackprodukten verf\u00fcgt dieses Modell \u00fcber ein waschbares Schuhfach mit Bel\u00fcftung, das sich auch f\u00fcr die Aufbewahrung von ungewaschener Kleidung eignet. Weitere Merkmale sind ein praktischer Kofferriemen, verstellbare Brustgurte und eine versteckte Diebstahlschutztasche.<\/p>\n","protected":false},"featured_media":14668,"template":"","meta":[],"product_cat":[426],"product_tag":[],"yoast_head":"<!-- This site is optimized with the Yoast SEO plugin v19.13 - https:\/\/yoast.com\/wordpress\/plugins\/seo\/ -->\n<title>Krimcode Street Casual Backpack | Traveller&#039;s Bag &mdash; Krimcode<\/title>\n<meta name=\"description\" content=\"Der Krimcode Travel Street Casual Backpack ist der beste Reiserucksack f\u00fcr M\u00e4nner. Mit seiner \u00d6ffnung von 180 Grad f\u00fcr eine einfache Verwendung ist diese Tasche eine, die man immer dabeihaben sollte.\" \/>\n<meta name=\"robots\" content=\"index, follow, max-snippet:-1, max-image-preview:large, max-video-preview:-1\" \/>\n<link rel=\"canonical\" href=\"https:\/\/www.krimcode.com\/de\/shop\/street-casual-de\/krimcode-street-casual-notebook-backpack-13-black\/\" \/>\n<meta property=\"og:locale\" content=\"de_DE\" \/>\n<meta property=\"og:type\" content=\"article\" \/>\n<meta property=\"og:title\" content=\"Krimcode Street Casual Backpack | Traveller&#039;s Bag &mdash; Krimcode\" \/>\n<meta property=\"og:description\" content=\"Der Krimcode Travel Street Casual Backpack ist der beste Reiserucksack f\u00fcr M\u00e4nner. Mit seiner \u00d6ffnung von 180 Grad f\u00fcr eine einfache Verwendung ist diese Tasche eine, die man immer dabeihaben sollte.\" \/>\n<meta property=\"og:url\" content=\"https:\/\/www.krimcode.com\/de\/shop\/street-casual-de\/krimcode-street-casual-notebook-backpack-13-black\/\" \/>\n<meta property=\"og:site_name\" content=\"Krimcode\" \/>\n<meta property=\"article:modified_time\" content=\"2021-04-20T02:03:07+00:00\" \/>\n<meta property=\"og:image\" content=\"https:\/\/www.krimcode.com\/wp-content\/uploads\/2018\/11\/Krimcode-Street-Casual-Notebook-Backpack-KSTB13-1N0SM-perspective.jpg\" \/>\n\t<meta property=\"og:image:width\" content=\"1500\" \/>\n\t<meta property=\"og:image:height\" content=\"1800\" \/>\n\t<meta property=\"og:image:type\" content=\"image\/jpeg\" \/>\n<meta name=\"twitter:card\" content=\"summary_large_image\" \/>\n<script type=\"application\/ld+json\" class=\"yoast-schema-graph\">{\"@context\":\"https:\/\/schema.org\",\"@graph\":[{\"@type\":\"WebPage\",\"@id\":\"https:\/\/www.krimcode.com\/de\/shop\/street-casual-de\/krimcode-street-casual-notebook-backpack-13-black\/\",\"url\":\"https:\/\/www.krimcode.com\/de\/shop\/street-casual-de\/krimcode-street-casual-notebook-backpack-13-black\/\",\"name\":\"Krimcode Street Casual Backpack | Traveller's Bag &mdash; Krimcode\",\"isPartOf\":{\"@id\":\"https:\/\/www.krimcode.com\/#website\"},\"datePublished\":\"2018-11-29T08:57:04+00:00\",\"dateModified\":\"2021-04-20T02:03:07+00:00\",\"description\":\"Der Krimcode Travel Street Casual Backpack ist der beste Reiserucksack f\u00fcr M\u00e4nner. Mit seiner \u00d6ffnung von 180 Grad f\u00fcr eine einfache Verwendung ist diese Tasche eine, die man immer dabeihaben sollte.\",\"breadcrumb\":{\"@id\":\"https:\/\/www.krimcode.com\/de\/shop\/street-casual-de\/krimcode-street-casual-notebook-backpack-13-black\/#breadcrumb\"},\"inLanguage\":\"de\",\"potentialAction\":[{\"@type\":\"ReadAction\",\"target\":[\"https:\/\/www.krimcode.com\/de\/shop\/street-casual-de\/krimcode-street-casual-notebook-backpack-13-black\/\"]}]},{\"@type\":\"BreadcrumbList\",\"@id\":\"https:\/\/www.krimcode.com\/de\/shop\/street-casual-de\/krimcode-street-casual-notebook-backpack-13-black\/#breadcrumb\",\"itemListElement\":[{\"@type\":\"ListItem\",\"position\":1,\"name\":\"Home\",\"item\":\"https:\/\/www.krimcode.com\/de\/\"},{\"@type\":\"ListItem\",\"position\":2,\"name\":\"Shop\",\"item\":\"https:\/\/www.krimcode.com\/de\/shop\/\"},{\"@type\":\"ListItem\",\"position\":3,\"name\":\"Krimcode Street Casual Backpack\"}]},{\"@type\":\"WebSite\",\"@id\":\"https:\/\/www.krimcode.com\/#website\",\"url\":\"https:\/\/www.krimcode.com\/\",\"name\":\"Krimcode\",\"description\":\"Lifestyle backpacks and duffel bags\",\"potentialAction\":[{\"@type\":\"SearchAction\",\"target\":{\"@type\":\"EntryPoint\",\"urlTemplate\":\"https:\/\/www.krimcode.com\/?s={search_term_string}\"},\"query-input\":\"required name=search_term_string\"}],\"inLanguage\":\"de\"}]}<\/script>\n<!-- \/ Yoast SEO plugin. -->","yoast_head_json":{"title":"Krimcode Street Casual Backpack | Traveller's Bag &mdash; Krimcode","description":"Der Krimcode Travel Street Casual Backpack ist der beste Reiserucksack f\u00fcr M\u00e4nner. Mit seiner \u00d6ffnung von 180 Grad f\u00fcr eine einfache Verwendung ist diese Tasche eine, die man immer dabeihaben sollte.","robots":{"index":"index","follow":"follow","max-snippet":"max-snippet:-1","max-image-preview":"max-image-preview:large","max-video-preview":"max-video-preview:-1"},"canonical":"https:\/\/www.krimcode.com\/de\/shop\/street-casual-de\/krimcode-street-casual-notebook-backpack-13-black\/","og_locale":"de_DE","og_type":"article","og_title":"Krimcode Street Casual Backpack | Traveller's Bag &mdash; Krimcode","og_description":"Der Krimcode Travel Street Casual Backpack ist der beste Reiserucksack f\u00fcr M\u00e4nner. Mit seiner \u00d6ffnung von 180 Grad f\u00fcr eine einfache Verwendung ist diese Tasche eine, die man immer dabeihaben sollte.","og_url":"https:\/\/www.krimcode.com\/de\/shop\/street-casual-de\/krimcode-street-casual-notebook-backpack-13-black\/","og_site_name":"Krimcode","article_modified_time":"2021-04-20T02:03:07+00:00","og_image":[{"width":1500,"height":1800,"url":"https:\/\/www.krimcode.com\/wp-content\/uploads\/2018\/11\/Krimcode-Street-Casual-Notebook-Backpack-KSTB13-1N0SM-perspective.jpg","type":"image\/jpeg"}],"twitter_card":"summary_large_image","schema":{"@context":"https:\/\/schema.org","@graph":[{"@type":"WebPage","@id":"https:\/\/www.krimcode.com\/de\/shop\/street-casual-de\/krimcode-street-casual-notebook-backpack-13-black\/","url":"https:\/\/www.krimcode.com\/de\/shop\/street-casual-de\/krimcode-street-casual-notebook-backpack-13-black\/","name":"Krimcode Street Casual Backpack | Traveller's Bag &mdash; Krimcode","isPartOf":{"@id":"https:\/\/www.krimcode.com\/#website"},"datePublished":"2018-11-29T08:57:04+00:00","dateModified":"2021-04-20T02:03:07+00:00","description":"Der Krimcode Travel Street Casual Backpack ist der beste Reiserucksack f\u00fcr M\u00e4nner. Mit seiner \u00d6ffnung von 180 Grad f\u00fcr eine einfache Verwendung ist diese Tasche eine, die man immer dabeihaben sollte.","breadcrumb":{"@id":"https:\/\/www.krimcode.com\/de\/shop\/street-casual-de\/krimcode-street-casual-notebook-backpack-13-black\/#breadcrumb"},"inLanguage":"de","potentialAction":[{"@type":"ReadAction","target":["https:\/\/www.krimcode.com\/de\/shop\/street-casual-de\/krimcode-street-casual-notebook-backpack-13-black\/"]}]},{"@type":"BreadcrumbList","@id":"https:\/\/www.krimcode.com\/de\/shop\/street-casual-de\/krimcode-street-casual-notebook-backpack-13-black\/#breadcrumb","itemListElement":[{"@type":"ListItem","position":1,"name":"Home","item":"https:\/\/www.krimcode.com\/de\/"},{"@type":"ListItem","position":2,"name":"Shop","item":"https:\/\/www.krimcode.com\/de\/shop\/"},{"@type":"ListItem","position":3,"name":"Krimcode Street Casual Backpack"}]},{"@type":"WebSite","@id":"https:\/\/www.krimcode.com\/#website","url":"https:\/\/www.krimcode.com\/","name":"Krimcode","description":"Lifestyle backpacks and duffel bags","potentialAction":[{"@type":"SearchAction","target":{"@type":"EntryPoint","urlTemplate":"https:\/\/www.krimcode.com\/?s={search_term_string}"},"query-input":"required name=search_term_string"}],"inLanguage":"de"}]}},"_links":{"self":[{"href":"https:\/\/www.krimcode.com\/de\/wp-json\/wp\/v2\/product\/14825"}],"collection":[{"href":"https:\/\/www.krimcode.com\/de\/wp-json\/wp\/v2\/product"}],"about":[{"href":"https:\/\/www.krimcode.com\/de\/wp-json\/wp\/v2\/types\/product"}],"wp:featuredmedia":[{"embeddable":true,"href":"https:\/\/www.krimcode.com\/de\/wp-json\/wp\/v2\/media\/14668"}],"wp:attachment":[{"href":"https:\/\/www.krimcode.com\/de\/wp-json\/wp\/v2\/media?parent=14825"}],"wp:term":[{"taxonomy":"product_cat","embeddable":true,"href":"https:\/\/www.krimcode.com\/de\/wp-json\/wp\/v2\/product_cat?post=14825"},{"taxonomy":"product_tag","embeddable":true,"href":"https:\/\/www.krimcode.com\/de\/wp-json\/wp\/v2\/product_tag?post=14825"}],"curies":[{"name":"wp","href":"https:\/\/api.w.org\/{rel}","templated":true}]}}